{"id":386,"date":"2015-03-17T10:58:20","date_gmt":"2015-03-17T10:58:20","guid":{"rendered":"http:\/\/bmi-thermique.fr\/index.php\/home\/"},"modified":"2017-12-18T18:56:46","modified_gmt":"2017-12-18T17:56:46","slug":"home","status":"publish","type":"page","link":"https:\/\/bmi-thermique.fr\/","title":{"rendered":"Home"},"content":{"rendered":"<section class=\"section  text-normal section-text-no-shadow section-inner-no-shadow section-normal section-opaque\" id=\"home\" >\n    \n    <div class=\"background-overlay grid-overlay-0 \" style=\"background-color: rgba(0,0,0,0);\"><\/div>\n\n    <div class=\"container-fullwidth container-vertical-default\">\n        <div class=\"row vertical-default\">\n            <div class=\"col-md-12     text-default small-screen-default\"  >[rev_slider_vc alias=\u00a0\u00bbcharity\u00a0\u00bb]<\/div>        <\/div>\n    <\/div>\n<\/section><section class=\"section  text-normal section-text-no-shadow section-inner-no-shadow section-normal section-opaque\" id=\"stats\" >\n    \n    <div class=\"background-overlay grid-overlay-0 \" style=\"background-color: rgba(254,200,64,0.9);\"><\/div>\n\n    <div class=\"container-fullwidth container-vertical-middle\">\n        <div class=\"row vertical-middle\">\n            <div class=\"col-md-3     text-center small-screen-default\"  style=\"background:rgba(0, 0, 0, 0.15);\"><div class=\"divider-wrapper \" style=\"visibility:hidden;background-color:#FFFFF\">\n    <div class=\"visible-xs\" style=\"height:30px;\"><\/div>\n    <div class=\"visible-sm\" style=\"height:30px;\"><\/div>\n    <div class=\"visible-md\" style=\"height:30px;\"><\/div>\n    <div class=\"visible-lg\" style=\"height:30px;\"><\/div>\n<\/div><i class=\"fa fa-institution text-light \" style=\"font-size:42px\"><\/i><div class=\"col-text-1 text-light  element-top-20 element-bottom-20\" data-os-animation=\"none\" data-os-animation-delay=\"0s\">\n    <h1>30%<\/h1>\n<\/div>\n<div class=\"divider-border  divider-border-center element-top-0 element-bottom-10 os-animation\" data-os-animation=\"fadeIn\" data-os-animation-delay=\"0.4s\"  style=\"height:3px;\">\n    <div class=\"divider-border-inner\"  style=\"background:rgba(255, 255, 255, 0.81); width:60px;\"><\/div>\n<\/div><h3 class=\"text-center  element-top-0 element-bottom-0 text-light os-animation normal regular\" data-os-animation=\"fadeIn\" data-os-animation-delay=\"0.4s\" >\n    Cr\u00e9dit d&rsquo;imp\u00f4t<\/h3><div class=\"divider-wrapper \" style=\"visibility:hidden;background-color:#FFFFF\">\n    <div class=\"visible-xs\" style=\"height:30px;\"><\/div>\n    <div class=\"visible-sm\" style=\"height:30px;\"><\/div>\n    <div class=\"visible-md\" style=\"height:30px;\"><\/div>\n    <div class=\"visible-lg\" style=\"height:30px;\"><\/div>\n<\/div><\/div><div class=\"col-md-3     text-center small-screen-default\"  style=\"background:rgba(0, 0, 0, 0.2);\"><div class=\"divider-wrapper \" style=\"visibility:hidden;background-color:#FFFFF\">\n    <div class=\"visible-xs\" style=\"height:30px;\"><\/div>\n    <div class=\"visible-sm\" style=\"height:30px;\"><\/div>\n    <div class=\"visible-md\" style=\"height:30px;\"><\/div>\n    <div class=\"visible-lg\" style=\"height:30px;\"><\/div>\n<\/div><i class=\"fa fa-pencil-square-o text-light \" style=\"font-size:42px\"><\/i><div class=\"col-text-1 text-light  element-top-20 element-bottom-20\" data-os-animation=\"none\" data-os-animation-delay=\"0s\">\n    <h1><\/h1>\n<\/div>\n<div class=\"divider-border  divider-border-center element-top-0 element-bottom-10 os-animation\" data-os-animation=\"fadeIn\" data-os-animation-delay=\"0.1s\"  style=\"height:3px;\">\n    <div class=\"divider-border-inner\"  style=\"background:rgba(255, 255, 255, 0.81); width:60px;\"><\/div>\n<\/div><div class=\"divider-wrapper \" style=\"visibility:hidden;background-color:#FFFFF\">\n    <div class=\"visible-xs\" style=\"height:30px;\"><\/div>\n    <div class=\"visible-sm\" style=\"height:30px;\"><\/div>\n    <div class=\"visible-md\" style=\"height:30px;\"><\/div>\n    <div class=\"visible-lg\" style=\"height:30px;\"><\/div>\n<\/div>[vc_raw_html]JTNDYSUyMGhyZWYlM0QlMjJpbmRleC5waHAlMkZkZXZpcyUyMiUyMHN0eWxlJTNEJTIydHJhbnNpdGlvbiUzQSUyMG5vbmUlM0IlMjBsaW5lLWhlaWdodCUzQSUyMDIycHglM0IlMjBib3JkZXItd2lkdGglM0ElMjAwcHglM0IlMjBtYXJnaW4lM0ElMjAwcHglM0IlMjBwYWRkaW5nJTNBJTIwMHB4JTNCJTIwbGV0dGVyLXNwYWNpbmclM0ElMjAwcHglM0IlMjBmb250LXdlaWdodCUzQSUyMDQwMCUzQiUyMGZvbnQtc2l6ZSUzQSUyMDIwcHglM0Jjb2xvciUzQXdoaXRlJTIyJTNFREVWSVMlMjBFTiUyMExJR05FJTNDJTJGYSUzRQ==[\/vc_raw_html]<\/div><div class=\"col-md-3     text-center small-screen-default\"  style=\"background:rgba(0, 0, 0, 0.1);\"><div class=\"divider-wrapper \" style=\"visibility:hidden;background-color:#FFFFF\">\n    <div class=\"visible-xs\" style=\"height:30px;\"><\/div>\n    <div class=\"visible-sm\" style=\"height:30px;\"><\/div>\n    <div class=\"visible-md\" style=\"height:30px;\"><\/div>\n    <div class=\"visible-lg\" style=\"height:30px;\"><\/div>\n<\/div><i class=\"fa fa-hourglass-half text-light \" style=\"font-size:42px\"><\/i><div class=\"col-text-1 text-light  element-top-20 element-bottom-20\" data-os-animation=\"none\" data-os-animation-delay=\"0s\">\n    <h1>24H<\/h1>\n<\/div>\n<div class=\"divider-border  divider-border-center element-top-0 element-bottom-10 os-animation\" data-os-animation=\"fadeIn\" data-os-animation-delay=\"0.7s\"  style=\"height:3px;\">\n    <div class=\"divider-border-inner\"  style=\"background:rgba(255, 255, 255, 0.81); width:60px;\"><\/div>\n<\/div><h3 class=\"text-center  element-top-0 element-bottom-0 text-light os-animation normal regular\" data-os-animation=\"fadeIn\" data-os-animation-delay=\"0.7s\" >\n    Service d\u00e9pannage<\/h3><div class=\"divider-wrapper \" style=\"visibility:hidden;background-color:#FFFFF\">\n    <div class=\"visible-xs\" style=\"height:30px;\"><\/div>\n    <div class=\"visible-sm\" style=\"height:30px;\"><\/div>\n    <div class=\"visible-md\" style=\"height:30px;\"><\/div>\n    <div class=\"visible-lg\" style=\"height:30px;\"><\/div>\n<\/div><\/div>        <\/div>\n    <\/div>\n<\/section><section class=\"section  text-normal section-text-no-shadow section-inner-no-shadow section-normal section-opaque\" >\n    \n    <div class=\"background-overlay grid-overlay-0 \" style=\"background-color: rgba(0,0,0,0);\"><\/div>\n\n    <div class=\"container container-vertical-default\">\n        <div class=\"row vertical-default\">\n            <div class=\"col-md-6     text-default small-screen-default\"  ><div class=\"panel  text-center element-top-20 element-bottom-20\" data-os-animation=\"none\" data-os-animation-delay=\"0s\">\n        <div class=\"panel-heading\">\n        <h3 class=\"panel-title\">\n            Entretien        <\/h3>\n    <\/div>\n        <div class=\"panel-body\" style=\"background-color:#ffffff;\">\n        <div class=\"box box-round box-huge box-simple  element-top-20 element-bottom-20\" data-os-animation=\"none\" data-os-animation-delay=\"0s\">\n    <div class=\"box-dummy\"><\/div>\n            <a class=\"box-inner  grid-overlay-0\" href=\"http:\/\/bmi-thermique.fr\/index.php\/entretien\/\" target=\"_self\" >\n        <div class=\"box-animate\" data-animation=\"none\">\n        <img width=\"393\" height=\"600\" src=\"https:\/\/bmi-thermique.fr\/wp-content\/uploads\/2017\/11\/visuel-presentation-393x600.png\" class=\"attachment-square-image size-square-image\" alt=\"\" loading=\"lazy\" \/>    <\/div>\n            <\/a>\n    <\/div>    <\/div>\n<\/div><\/div><div class=\"col-md-6     text-default small-screen-default\"  ><div class=\"panel  text-center element-top-20 element-bottom-20\" data-os-animation=\"none\" data-os-animation-delay=\"0s\">\n        <div class=\"panel-heading\">\n        <h3 class=\"panel-title\">\n            D\u00e9pannage        <\/h3>\n    <\/div>\n        <div class=\"panel-body\" style=\"background-color:#ffffff;\">\n        <div class=\"box box-round box-huge box-simple  element-top-20 element-bottom-20\" data-os-animation=\"none\" data-os-animation-delay=\"0s\">\n    <div class=\"box-dummy\"><\/div>\n            <a class=\"box-inner  grid-overlay-0\" href=\"http:\/\/bmi-thermique.fr\/index.php\/depannage\/\" target=\"_self\" >\n        <div class=\"box-animate\" data-animation=\"none\">\n        <img width=\"600\" height=\"600\" src=\"https:\/\/bmi-thermique.fr\/wp-content\/uploads\/2017\/11\/D\u00e9pannage-chaudi\u00e8re-paris-600x600.jpg\" class=\"attachment-square-image size-square-image\" alt=\"\" loading=\"lazy\" srcset=\"https:\/\/bmi-thermique.fr\/wp-content\/uploads\/2017\/11\/D\u00e9pannage-chaudi\u00e8re-paris-600x600.jpg 600w, https:\/\/bmi-thermique.fr\/wp-content\/uploads\/2017\/11\/D\u00e9pannage-chaudi\u00e8re-paris-150x150.jpg 150w, https:\/\/bmi-thermique.fr\/wp-content\/uploads\/2017\/11\/D\u00e9pannage-chaudi\u00e8re-paris-75x75.jpg 75w\" sizes=\"(max-width: 600px) 100vw, 600px\" \/>    <\/div>\n            <\/a>\n    <\/div>    <\/div>\n<\/div><\/div>        <\/div>\n    <\/div>\n<\/section><section class=\"section  text-normal section-text-no-shadow section-inner-no-shadow section-normal section-opaque\" >\n    \n    <div class=\"background-overlay grid-overlay-0 \" style=\"background-color: rgba(0,0,0,0);\"><\/div>\n\n    <div class=\"container container-vertical-default\">\n        <div class=\"row vertical-default\">\n            <div class=\"col-md-12     text-default small-screen-default\"  ><div class=\"col-text-1 text-normal  element-top-20 element-bottom-20\" data-os-animation=\"none\" data-os-animation-delay=\"0s\">\n    <h2 style=\"text-align: center;\">Pourquoi nous faire confiance?<\/h2>\n<\/div>\n<div class=\"divider-border  divider-border-center element-top-20 element-bottom-20\" data-os-animation=\"none\" data-os-animation-delay=\"0s\" >\n    <div class=\"divider-border-inner\" ><\/div>\n<\/div><ul class=\"features-list  text-normal element-top-20 element-bottom-20\" data-os-animation=\"none\" data-os-animation-delay=\"0s\">\n    <li class=\" element-top-20 element-bottom-20\" style=\"padding-left:0px;\" data-os-animation=\"none\" data-os-animation-delay=\"0s\">\n        <h3>\n            <\/h3>\n    <p>\n        &gt; Notre \u00e9quipe met un point d&rsquo;honneur \u00e0 vous offrir un service d&rsquo;une grande qualit\u00e9    <\/p>\n<\/li><li class=\" element-top-20 element-bottom-20\" style=\"padding-left:0px;\" data-os-animation=\"none\" data-os-animation-delay=\"0s\">\n        <h3>\n            <\/h3>\n    <p>\n        &gt; Nous r\u00e9pondons \u00e0 vos demandes dans les meilleurs d\u00e9lais    <\/p>\n<\/li><li class=\" element-top-20 element-bottom-20\" style=\"padding-left:0px;\" data-os-animation=\"none\" data-os-animation-delay=\"0s\">\n        <h3>\n            <\/h3>\n    <p>\n        &gt; Un service apr\u00e8s-vente fiable et comp\u00e9tant pour vous garantir une tranquillit\u00e9 absolue    <\/p>\n<\/li><li class=\" element-top-20 element-bottom-20\" style=\"padding-left:0px;\" data-os-animation=\"none\" data-os-animation-delay=\"0s\">\n        <h3>\n            <\/h3>\n    <p>\n        &gt; Un service de d\u00e9pannage et d&rsquo;entretien rapide et efficace    <\/p>\n<\/li><\/ul><\/div>        <\/div>\n    <\/div>\n<\/section><section class=\"section  text-normal section-text-no-shadow section-inner-no-shadow section-normal section-opaque\" >\n    \n    <div class=\"background-overlay grid-overlay-0 \" style=\"background-color: rgba(0,0,0,0);\"><\/div>\n\n    <div class=\"container container-vertical-default\">\n        <div class=\"row vertical-default\">\n            <div class=\"col-md-6     text-default small-screen-default\"  ><div class=\"figure element-top-20 element-bottom-20   os-animation\" data-os-animation=\"fadeIn\" data-os-animation-delay=\"0s\">\n            <a href=\"https:\/\/bmi-thermique.fr\/wp-content\/uploads\/2015\/03\/RGE-1.png\" class=\"figure-image magnific\" target=\"_self\">\n        <img width=\"229\" height=\"300\" src=\"https:\/\/bmi-thermique.fr\/wp-content\/uploads\/2015\/03\/RGE-1-229x300.png\" class=\"attachment-medium size-medium\" alt=\"\" loading=\"lazy\" srcset=\"https:\/\/bmi-thermique.fr\/wp-content\/uploads\/2015\/03\/RGE-1-229x300.png 229w, https:\/\/bmi-thermique.fr\/wp-content\/uploads\/2015\/03\/RGE-1-90x118.png 90w, https:\/\/bmi-thermique.fr\/wp-content\/uploads\/2015\/03\/RGE-1.png 423w\" sizes=\"(max-width: 229px) 100vw, 229px\" \/>            <\/a>\n    <\/div>\n<\/div><div class=\"col-md-6     text-default small-screen-default\"  ><div class=\"col-text-1 text-normal  element-top-20 element-bottom-20\" data-os-animation=\"none\" data-os-animation-delay=\"0s\">\n    <p>D\u00e9livr\u00e9e par un organisme ind\u00e9pendant, la certification QualiBAT accr\u00e9dit\u00e9e \u00e0 BMI vous garantit les comp\u00e9tences techniques, humaines et mat\u00e9rielles mais aussi la conformit\u00e9 de l\u2019entreprise aux r\u00e9glementations en vigueur.<\/p>\n<\/div>\n<\/div>        <\/div>\n    <\/div>\n<\/section>\n","protected":false},"excerpt":{"rendered":"[rev_slider_vc alias=\"charity\"] 30% Cr\u00e9dit d'imp\u00f4t [vc_raw_html]JTNDYSUyMGhyZWYlM0QlMjJpbmRleC5waHAlMkZkZXZpcyUyMiUyMHN0eWxlJTNEJTIydHJhbnNpdGlvbiUzQSUyMG5vbmUlM0IlMjBsaW5lLWhlaWdodCUzQSUyMDIycHglM0IlMjBib3JkZXItd2lkdGglM0ElMjAwcHglM0IlMjBtYXJnaW4lM0ElMjAwcHglM0IlMjBwYWRkaW5nJTNBJTIwMHB4JTNCJTIwbGV0dGVyLXNwYWNpbmclM0ElMjAwcHglM0IlMjBmb250LXdlaWdodCUzQSUyMDQwMCUzQiUyMGZvbnQtc2l6ZSUzQSUyMDIwcHglM0Jjb2xvciUzQXdoaXRlJTIyJTNFREVWSVMlMjBFTiUyMExJR05FJTNDJTJGYSUzRQ==[\/vc_raw_html] 24H Service d\u00e9pannage Entretien D\u00e9pannage Pourquoi nous faire confiance? &gt; Notre \u00e9quipe met un point d'honneur \u00e0 vous offrir un service d'une grande qualit\u00e9 &gt; Nous r\u00e9pondons \u00e0 vos demandes dans les meilleurs d\u00e9lais &gt; Un service apr\u00e8s-vente fiable et comp\u00e9tant pour vous garantir une tranquillit\u00e9 absolue &gt; Un","protected":false},"author":1,"featured_media":0,"parent":0,"menu_order":0,"comment_status":"open","ping_status":"open","template":"","meta":{"spay_email":""},"jetpack_sharing_enabled":true,"jetpack_shortlink":"https:\/\/wp.me\/P9nA1Z-6e","_links":{"self":[{"href":"https:\/\/bmi-thermique.fr\/index.php\/wp-json\/wp\/v2\/pages\/386"}],"collection":[{"href":"https:\/\/bmi-thermique.fr\/index.php\/wp-json\/wp\/v2\/pages"}],"about":[{"href":"https:\/\/bmi-thermique.fr\/index.php\/wp-json\/wp\/v2\/types\/page"}],"author":[{"embeddable":true,"href":"https:\/\/bmi-thermique.fr\/index.php\/wp-json\/wp\/v2\/users\/1"}],"replies":[{"embeddable":true,"href":"https:\/\/bmi-thermique.fr\/index.php\/wp-json\/wp\/v2\/comments?post=386"}],"version-history":[{"count":52,"href":"https:\/\/bmi-thermique.fr\/index.php\/wp-json\/wp\/v2\/pages\/386\/revisions"}],"predecessor-version":[{"id":583,"href":"https:\/\/bmi-thermique.fr\/index.php\/wp-json\/wp\/v2\/pages\/386\/revisions\/583"}],"wp:attachment":[{"href":"https:\/\/bmi-thermique.fr\/index.php\/wp-json\/wp\/v2\/media?parent=386"}],"curies":[{"name":"wp","href":"https:\/\/api.w.org\/{rel}","templated":true}]}}