{"id":394,"date":"2017-11-15T10:19:11","date_gmt":"2017-11-15T09:19:11","guid":{"rendered":"http:\/\/bmi-thermique.fr\/?page_id=394"},"modified":"2018-01-15T10:29:31","modified_gmt":"2018-01-15T09:29:31","slug":"entretien","status":"publish","type":"page","link":"https:\/\/bmi-thermique.fr\/index.php\/entretien\/","title":{"rendered":"Entretien"},"content":{"rendered":"<section class=\"section  text-normal section-text-no-shadow section-inner-no-shadow section-normal section-opaque\" >\n    \n    <div class=\"background-overlay grid-overlay-0 \" style=\"background-color: rgba(0,0,0,0);\"><\/div>\n\n    <div class=\"container container-vertical-default\">\n        <div class=\"row vertical-default\">\n            <div class=\"col-md-12     text-default small-screen-default\"  >\n<div id=\"accordion_208\" class=\"panel-group  element-top-20 element-bottom-20\" data-os-animation=\"none\" data-os-animation-delay=\"0s\">\n\t\t\t\t\t\t\t    <div class=\"panel panel-primary\">\n\t\t        <div class=\"panel-heading\">\n\t\t            <a href=\"#group_362\" class=\"accordion-toggle collapsed\" data-parent = \"#accordion_208\" data-toggle=\"collapse\" >Pourquoi effectuer l\u2019entretien de sa chaudi\u00e8re ?<\/a>\n\t\t        <\/div>\n\t\t        <div id=\"group_362\" class=\"panel-collapse collapse \">\n\t\t            <div class=\"panel-body\">\n\t\t                <p><blockquote class=\" text-left text-normal element-top-20 element-bottom-20\" data-os-animation=\"none\" data-os-animation-delay=\"0s\">\n    <p>Tout comme une voiture, toute chaudi\u00e8re n\u00e9cessite d\u2019\u00eatre entretenue, un contr\u00f4le et nettoyage des organes principaux de votre chaudi\u00e8re est un passage obligatoire pour vous assurer tranquillit\u00e9 et p\u00e9rennit\u00e9 de votre mat\u00e9riel en p\u00e9riode de chauffe.<br \/>\nD\u2019un point de vue l\u00e9gal, il est important de savoir qu\u2019un entretien non effectu\u00e9 peut vous valoir un refus de prise en charge de votre assurance en cas d\u2019accident.<br \/>\nUn mauvais entretien de votre chaudi\u00e8re et une non v\u00e9rification des a\u00e9ration et \u00e9vacuation des gaz br\u00fbl\u00e9s peut entra\u00eener sur la dur\u00e9e, une intoxication au monoxyde de carbone. A rappeler que ce gaz incolore et inodore peut \u00e0 long terme<\/p>\n\t<\/blockquote><\/p>\n\t\t            <\/div>\n\t\t        <\/div>\n\t\t    <\/div>\n\t   \t\t<\/div>\n<\/div>        <\/div>\n    <\/div>\n<\/section><section class=\"section  text-normal section-text-no-shadow section-inner-no-shadow section-normal section-opaque\" >\n    \n    <div class=\"background-overlay grid-overlay-0 \" style=\"background-color: rgba(0,0,0,0);\"><\/div>\n\n    <div class=\"container container-vertical-default\">\n        <div class=\"row vertical-default\">\n            <div class=\"col-md-8     text-default small-screen-default\"  ><div class=\"panel   element-top-20 element-bottom-20\" data-os-animation=\"none\" data-os-animation-delay=\"0s\">\n        <div class=\"panel-heading\">\n        <h3 class=\"panel-title\">\n            D\u00e9tail prestations contrat d'entretien        <\/h3>\n    <\/div>\n        <div class=\"panel-body\">\n        <div class=\"col-text-1 text-normal  element-top-20 element-bottom-20\" data-os-animation=\"none\" data-os-animation-delay=\"0s\">\n    <ul>\n<li>Nettoyage du corps de chauffe, br\u00fbleur, ventilateur<\/li>\n<li>V\u00e9rification des dispositifs de s\u00e9curit\u00e9<\/li>\n<li>V\u00e9rification du circulateur de chauffage<\/li>\n<li>Contr\u00f4le de la pression d\u2019eau<\/li>\n<li>V\u00e9rification et r\u00e9glage des organes de r\u00e9gulation<\/li>\n<li>V\u00e9rification des d\u00e9bits de gaz et r\u00e9glage \u00e9ventuel<\/li>\n<li>V\u00e9rification du dispositif d\u2019\u00e9vacuation des condensats (si chaudi\u00e8re \u00e0 condensation)<\/li>\n<li>Remplacement des \u00e9lectrodes d\u2019allumage et ionisation (si n\u00e9cessaire)<\/li>\n<li>La fourniture des joints d\u2019\u00e9tanch\u00e9it\u00e9 dont le changement est rendu n\u00e9cessaire du fait des op\u00e9rations d\u2019entretien, \u00e0 l\u2019exclusion des autres pi\u00e8ces<\/li>\n<li>Deux d\u00e9pannages \u00e9ventuels, sur appel justifi\u00e9 de l\u2019abonn\u00e9 dans les conditions jours ouvrables<\/li>\n<li>Contr\u00f4le de la combustion<\/li>\n<li>Etablissement du bilan thermique (sur chaudi\u00e8re \u00e0 condensation)<\/li>\n<li>Mise \u00e0 l\u2019heure et programmation des r\u00e9gulations<\/li>\n<\/ul>\n<\/div>\n    <\/div>\n<\/div><\/div><div class=\"col-md-4     text-default small-screen-default\"  ><div class=\"figure element-top-20 element-bottom-20  \" data-os-animation=\"none\" data-os-animation-delay=\"0s\">\n            <a href=\"https:\/\/bmi-thermique.fr\/wp-content\/uploads\/2017\/11\/visuel-presentation.png\" class=\"figure-image magnific\" target=\"_self\">\n        <img width=\"393\" height=\"612\" src=\"https:\/\/bmi-thermique.fr\/wp-content\/uploads\/2017\/11\/visuel-presentation.png\" class=\"attachment-full size-full\" alt=\"\" loading=\"lazy\" srcset=\"https:\/\/bmi-thermique.fr\/wp-content\/uploads\/2017\/11\/visuel-presentation.png 393w, https:\/\/bmi-thermique.fr\/wp-content\/uploads\/2017\/11\/visuel-presentation-193x300.png 193w, https:\/\/bmi-thermique.fr\/wp-content\/uploads\/2017\/11\/visuel-presentation-90x140.png 90w\" sizes=\"(max-width: 393px) 100vw, 393px\" \/>            <\/a>\n    <\/div>\n<\/div>        <\/div>\n    <\/div>\n<\/section><section class=\"section  text-normal section-text-no-shadow section-inner-no-shadow section-normal section-opaque\" >\n    \n    <div class=\"background-overlay grid-overlay-0 \" style=\"background-color: rgba(0,0,0,0);\"><\/div>\n\n    <div class=\"container container-vertical-default\">\n        <div class=\"row vertical-default\">\n            <div class=\"col-md-6     text-default small-screen-default\"  ><div class=\"panel panel-success  element-top-10 element-bottom-10\" data-os-animation=\"none\" data-os-animation-delay=\"0s\">\n        <div class=\"panel-body\">\n        <h2 class=\"text-left text-center element-top-20 element-bottom-20 text-normal normal black\" data-os-animation=\"none\" data-os-animation-delay=\"0s\" >\n    Tarifs entretien simple<\/h2><ul class=\"pricing-item-list  text-normal element-top-20 element-bottom-20\" data-os-animation=\"none\" data-os-animation-delay=\"0s\">\n    <li class=\"pricing-cirle  element-top-20 element-bottom-20 \" data-os-animation=\"none\" data-os-animation-delay=\"0s\">    <div class=\"pricing-item-list-content\">\n        <h3>\n            Chaudi\u00e8re sol au gaz basse temp\u00e9rature <span>85 \u20ac TTC<\/span>\n        <\/h3>    <\/div>\n<\/li><li class=\"pricing-cirle  element-top-20 element-bottom-20 \" data-os-animation=\"none\" data-os-animation-delay=\"0s\">    <div class=\"pricing-item-list-content\">\n        <h3>\n            Chaudi\u00e8re murale basse temp\u00e9rature <span>95 \u20ac TTC<\/span>\n        <\/h3>    <\/div>\n<\/li><li class=\"pricing-cirle  element-top-20 element-bottom-20 \" data-os-animation=\"none\" data-os-animation-delay=\"0s\">    <div class=\"pricing-item-list-content\">\n        <h3>\n            Chaudi\u00e8re condensation <span>115 \u20ac TTC<\/span>\n        <\/h3>    <\/div>\n<\/li><\/ul>    <\/div>\n<\/div><\/div><div class=\"col-md-6     text-default small-screen-default\"  ><div class=\"panel   element-top-10 element-bottom-10\" data-os-animation=\"none\" data-os-animation-delay=\"0s\">\n        <div class=\"panel-body\">\n        <h2 class=\"text-left text-center element-top-20 element-bottom-20 text-normal normal black\" data-os-animation=\"none\" data-os-animation-delay=\"0s\" >\n    Tarifs contrats d&rsquo;entretien<\/h2><ul class=\"pricing-item-list  text-normal element-top-20 element-bottom-20\" data-os-animation=\"none\" data-os-animation-delay=\"0s\">\n    <li class=\"pricing-cirle  element-top-20 element-bottom-20 \" data-os-animation=\"none\" data-os-animation-delay=\"0s\">    <div class=\"pricing-item-list-content\">\n        <h3>\n            Chaudi\u00e8re sol au gaz basse temp\u00e9rature <span>115 \u20ac TTC<\/span>\n        <\/h3>    <\/div>\n<\/li><li class=\"pricing-cirle  element-top-20 element-bottom-20 \" data-os-animation=\"none\" data-os-animation-delay=\"0s\">    <div class=\"pricing-item-list-content\">\n        <h3>\n            Chaudi\u00e8re murale basse temp\u00e9rature <span>125 \u20ac TTC<\/span>\n        <\/h3>    <\/div>\n<\/li><li class=\"pricing-cirle  element-top-20 element-bottom-20 \" data-os-animation=\"none\" data-os-animation-delay=\"0s\">    <div class=\"pricing-item-list-content\">\n        <h3>\n            Chaudi\u00e8re condensation <span>145 \u20ac TTC<\/span>\n        <\/h3>    <\/div>\n<\/li><\/ul>    <\/div>\n<\/div><\/div>        <\/div>\n    <\/div>\n<\/section>\n","protected":false},"excerpt":{"rendered":"Pourquoi effectuer l\u2019entretien de sa chaudi\u00e8re ? Tout comme une voiture, toute chaudi\u00e8re n\u00e9cessite d\u2019\u00eatre entretenue, un contr\u00f4le et nettoyage des organes principaux de votre chaudi\u00e8re est un passage obligatoire pour vous assurer tranquillit\u00e9 et p\u00e9rennit\u00e9 de votre mat\u00e9riel en p\u00e9riode de chauffe. D\u2019un point de vue l\u00e9gal, il est important de savoir qu\u2019un entretien","protected":false},"author":1,"featured_media":0,"parent":0,"menu_order":0,"comment_status":"closed","ping_status":"closed","template":"","meta":{"spay_email":""},"jetpack_sharing_enabled":true,"jetpack_shortlink":"https:\/\/wp.me\/P9nA1Z-6m","_links":{"self":[{"href":"https:\/\/bmi-thermique.fr\/index.php\/wp-json\/wp\/v2\/pages\/394"}],"collection":[{"href":"https:\/\/bmi-thermique.fr\/index.php\/wp-json\/wp\/v2\/pages"}],"about":[{"href":"https:\/\/bmi-thermique.fr\/index.php\/wp-json\/wp\/v2\/types\/page"}],"author":[{"embeddable":true,"href":"https:\/\/bmi-thermique.fr\/index.php\/wp-json\/wp\/v2\/users\/1"}],"replies":[{"embeddable":true,"href":"https:\/\/bmi-thermique.fr\/index.php\/wp-json\/wp\/v2\/comments?post=394"}],"version-history":[{"count":18,"href":"https:\/\/bmi-thermique.fr\/index.php\/wp-json\/wp\/v2\/pages\/394\/revisions"}],"predecessor-version":[{"id":634,"href":"https:\/\/bmi-thermique.fr\/index.php\/wp-json\/wp\/v2\/pages\/394\/revisions\/634"}],"wp:attachment":[{"href":"https:\/\/bmi-thermique.fr\/index.php\/wp-json\/wp\/v2\/media?parent=394"}],"curies":[{"name":"wp","href":"https:\/\/api.w.org\/{rel}","templated":true}]}}