{"id":452,"date":"2017-11-15T12:38:31","date_gmt":"2017-11-15T11:38:31","guid":{"rendered":"http:\/\/bmi-thermique.fr\/?page_id=452"},"modified":"2017-12-11T15:50:08","modified_gmt":"2017-12-11T14:50:08","slug":"devis","status":"publish","type":"page","link":"https:\/\/bmi-thermique.fr\/index.php\/devis\/","title":{"rendered":"Devis"},"content":{"rendered":"<section class=\"section  text-normal section-text-no-shadow section-inner-no-shadow section-normal section-opaque\" >\n    \n    <div class=\"background-overlay grid-overlay-0 \" style=\"background-color: rgba(0,0,0,0);\"><\/div>\n\n    <div class=\"container container-vertical-default\">\n        <div class=\"row vertical-default\">\n            <div class=\"col-md-4     text-default small-screen-default\"  ><\/div><div class=\"col-md-4     text-default small-screen-default\"  ><h1 class=\"text-left  element-top-20 element-bottom-20 text-normal normal regular\" data-os-animation=\"none\" data-os-animation-delay=\"0s\" >\n    Demande de devis<\/h1><div class=\"divider-border  divider-border-center element-top-20 element-bottom-20\" data-os-animation=\"none\" data-os-animation-delay=\"0s\" >\n    <div class=\"divider-border-inner\" ><\/div>\n<\/div><div role=\"form\" class=\"wpcf7\" id=\"wpcf7-f461-o1\" lang=\"fr-FR\" dir=\"ltr\">\n<div class=\"screen-reader-response\"><\/div>\n<form action=\"\/index.php\/wp-json\/wp\/v2\/pages\/452#wpcf7-f461-o1\" method=\"post\" class=\"wpcf7-form\" novalidate=\"novalidate\">\n<div style=\"display: none;\">\n<input type=\"hidden\" name=\"_wpcf7\" value=\"461\" \/>\n<input type=\"hidden\" name=\"_wpcf7_version\" value=\"4.9.1\" \/>\n<input type=\"hidden\" name=\"_wpcf7_locale\" value=\"fr_FR\" \/>\n<input type=\"hidden\" name=\"_wpcf7_unit_tag\" value=\"wpcf7-f461-o1\" \/>\n<input type=\"hidden\" name=\"_wpcf7_container_post\" value=\"0\" \/>\n<\/div>\n<p><label> Votre nom<br \/>\n    <span class=\"wpcf7-form-control-wrap your-name\"><input type=\"text\" name=\"your-name\" value=\"\" size=\"40\" class=\"wpcf7-form-control wpcf7-text wpcf7-validates-as-required\" aria-required=\"true\" aria-invalid=\"false\" \/><\/span> <\/label><\/p>\n<p><label> Votre e-mail<br \/>\n    <span class=\"wpcf7-form-control-wrap your-email\"><input type=\"email\" name=\"your-email\" value=\"\" size=\"40\" class=\"wpcf7-form-control wpcf7-text wpcf7-email wpcf7-validates-as-required wpcf7-validates-as-email\" aria-required=\"true\" aria-invalid=\"false\" \/><\/span> <\/label><\/p>\n<p><label> Votre t\u00e9l\u00e9phone<br \/>\n    <span class=\"wpcf7-form-control-wrap tel-173\"><input type=\"tel\" name=\"tel-173\" value=\"\" size=\"40\" class=\"wpcf7-form-control wpcf7-text wpcf7-tel wpcf7-validates-as-required wpcf7-validates-as-tel\" aria-required=\"true\" aria-invalid=\"false\" \/><\/span> <\/label><\/p>\n<p><label> Sujet <span class=\"wpcf7-form-control-wrap Sujet\"><select name=\"Sujet\" class=\"wpcf7-form-control wpcf7-select\" aria-invalid=\"false\"><option value=\"Remplacement de chaudi\u00e8re\">Remplacement de chaudi\u00e8re<\/option><option value=\"R\u00e9paration de chaudi\u00e8re\">R\u00e9paration de chaudi\u00e8re<\/option><option value=\"R\u00e9paration ou remplacement cumulus\">R\u00e9paration ou remplacement cumulus<\/option><option value=\"Cr\u00e9ation ou r\u00e9novation de salle de bain\">Cr\u00e9ation ou r\u00e9novation de salle de bain<\/option><option value=\"Recherche de fuite\">Recherche de fuite<\/option><option value=\"R\u00e9paration ou remplacement \u00e9quipement sanitaire\">R\u00e9paration ou remplacement \u00e9quipement sanitaire<\/option><\/select><\/span> <\/label><\/p>\n<p><label> Description du projet<br \/>\n    <span class=\"wpcf7-form-control-wrap your-message\"><textarea name=\"your-message\" cols=\"40\" rows=\"10\" class=\"wpcf7-form-control wpcf7-textarea\" aria-invalid=\"false\"><\/textarea><\/span> <\/label><\/p>\n<p><label> Date du projet<br \/>\n    <span class=\"wpcf7-form-control-wrap date-503\"><input type=\"text\" name=\"date-503\" value=\"\" size=\"40\" class=\"wpcf7-form-control wpcf7-date\" \/> <\/span> <\/label><\/p>\n<p><input type=\"submit\" value=\"Envoyer la demande\" class=\"wpcf7-form-control wpcf7-submit\" \/><\/p>\n<div class=\"wpcf7-response-output wpcf7-display-none\"><\/div><\/form><\/div><\/div><div class=\"col-md-4     text-default small-screen-default\"  ><\/div>        <\/div>\n    <\/div>\n<\/section>\n","protected":false},"excerpt":{"rendered":"Demande de devis Votre nom Votre e-mail Votre t\u00e9l\u00e9phone Sujet Remplacement de chaudi\u00e8reR\u00e9paration de chaudi\u00e8reR\u00e9paration ou remplacement cumulusCr\u00e9ation ou r\u00e9novation de salle de bainRecherche de fuiteR\u00e9paration ou remplacement \u00e9quipement sanitaire Description du projet Date du projet","protected":false},"author":1,"featured_media":0,"parent":0,"menu_order":0,"comment_status":"closed","ping_status":"closed","template":"","meta":{"spay_email":""},"jetpack_sharing_enabled":true,"jetpack_shortlink":"https:\/\/wp.me\/P9nA1Z-7i","_links":{"self":[{"href":"https:\/\/bmi-thermique.fr\/index.php\/wp-json\/wp\/v2\/pages\/452"}],"collection":[{"href":"https:\/\/bmi-thermique.fr\/index.php\/wp-json\/wp\/v2\/pages"}],"about":[{"href":"https:\/\/bmi-thermique.fr\/index.php\/wp-json\/wp\/v2\/types\/page"}],"author":[{"embeddable":true,"href":"https:\/\/bmi-thermique.fr\/index.php\/wp-json\/wp\/v2\/users\/1"}],"replies":[{"embeddable":true,"href":"https:\/\/bmi-thermique.fr\/index.php\/wp-json\/wp\/v2\/comments?post=452"}],"version-history":[{"count":4,"href":"https:\/\/bmi-thermique.fr\/index.php\/wp-json\/wp\/v2\/pages\/452\/revisions"}],"predecessor-version":[{"id":509,"href":"https:\/\/bmi-thermique.fr\/index.php\/wp-json\/wp\/v2\/pages\/452\/revisions\/509"}],"wp:attachment":[{"href":"https:\/\/bmi-thermique.fr\/index.php\/wp-json\/wp\/v2\/media?parent=452"}],"curies":[{"name":"wp","href":"https:\/\/api.w.org\/{rel}","templated":true}]}}