{"id":474,"date":"2017-11-22T13:32:24","date_gmt":"2017-11-22T12:32:24","guid":{"rendered":"http:\/\/bmi-thermique.fr\/?page_id=474"},"modified":"2018-01-15T10:57:19","modified_gmt":"2018-01-15T09:57:19","slug":"chaudiere-au-gaz-hpe","status":"publish","type":"page","link":"https:\/\/bmi-thermique.fr\/index.php\/chaudiere-au-gaz-hpe\/","title":{"rendered":"Chaudi\u00e8re au gaz HPE"},"content":{"rendered":"<section class=\"section  text-normal section-text-no-shadow section-inner-no-shadow section-normal section-opaque\" >\n    \n    <div class=\"background-overlay grid-overlay-0 \" style=\"background-color: rgba(0,0,0,0);\"><\/div>\n\n    <div class=\"container container-vertical-default\">\n        <div class=\"row vertical-default\">\n            <div class=\"col-md-12     text-default small-screen-default\"  ><div class=\"panel   element-top-20 element-bottom-20\" data-os-animation=\"none\" data-os-animation-delay=\"0s\">\n        <div class=\"panel-heading\">\n        <h3 class=\"panel-title\">\n            Chaudi\u00e8re au gaz Haute Performance Energ\u00e9tique (HPE)        <\/h3>\n    <\/div>\n        <div class=\"panel-body\">\n        <div class=\"col-text-1 text-normal  element-top-20 element-bottom-20\" data-os-animation=\"none\" data-os-animation-delay=\"0s\">\n    <p><img loading=\"lazy\" class=\"size-medium wp-image-512 alignleft\" src=\"http:\/\/bmi-thermique.fr\/wp-content\/uploads\/2015\/03\/compact14-31931-01-89737-format-flex-height-300x199.jpg\" alt=\"\" width=\"300\" height=\"199\" srcset=\"https:\/\/bmi-thermique.fr\/wp-content\/uploads\/2015\/03\/compact14-31931-01-89737-format-flex-height-300x200.jpg 300w, https:\/\/bmi-thermique.fr\/wp-content\/uploads\/2015\/03\/compact14-31931-01-89737-format-flex-height-768x510.jpg 768w, https:\/\/bmi-thermique.fr\/wp-content\/uploads\/2015\/03\/compact14-31931-01-89737-format-flex-height-1024x679.jpg 1024w, https:\/\/bmi-thermique.fr\/wp-content\/uploads\/2015\/03\/compact14-31931-01-89737-format-flex-height-90x60.jpg 90w, https:\/\/bmi-thermique.fr\/wp-content\/uploads\/2015\/03\/compact14-31931-01-89737-format-flex-height-700x464.jpg 700w, https:\/\/bmi-thermique.fr\/wp-content\/uploads\/2015\/03\/compact14-31931-01-89737-format-flex-height-600x400.jpg 600w, https:\/\/bmi-thermique.fr\/wp-content\/uploads\/2015\/03\/compact14-31931-01-89737-format-flex-height.jpg 1860w\" sizes=\"(max-width: 300px) 100vw, 300px\" \/>Qu\u2019est-ce que la chaudi\u00e8re gaz \u00e0 condensation\u00a0?<\/p>\n<p>La conjoncture actuelle g\u00e9n\u00e8re une augmentation constante du prix des \u00e9nergies. Dans un monde o\u00f9 l\u2019enjeu environnemental a pris une place \u00e0 part enti\u00e8re dans notre quotidien, r\u00e9duire ses consommations \u00e9nerg\u00e9tiques est donc devenu primordial.<\/p>\n<p>La chaudi\u00e8re au gaz \u00e0 condensation figure parmi le panel de solution qui s\u2019offre \u00e0 nous pour y parvenir.<\/p>\n<p>Son principe est simple, lorsqu\u2019une chaudi\u00e8re classique r\u00e9chauffe son circuit de chauffage gr\u00e2ce \u00e0 la combustion du gaz naturel, la chaudi\u00e8re gaz \u00e0 condensation elle, tire profit de l\u2019\u00e9nergie contenue dans les fum\u00e9es de combustion. Les fum\u00e9es \u00e9mises lors de la combustion du gaz naturel contiennent de la vapeur d\u2019eau. Cette derni\u00e8re condense, en lib\u00e9rant de la chaleur. L\u2019eau de retour du circuit de chauffage se r\u00e9chauffe gr\u00e2ce \u00e0 cette \u00e9nergie. Ce proc\u00e9d\u00e9 permet un rendement plus \u00e9lev\u00e9 avoisinant les 100%. Et r\u00e9duit de ce fait la temp\u00e9rature de sortie des fum\u00e9es et les consommations en \u00e9nergie, lui permettant ainsi cette appellation de chaudi\u00e8re \u00e0 haute performance \u00e9nerg\u00e9tique.<\/p>\n<\/div>\n    <\/div>\n<\/div><\/div>        <\/div>\n    <\/div>\n<\/section><section class=\"section  text-normal section-text-no-shadow section-inner-no-shadow section-normal section-opaque\" >\n    \n    <div class=\"background-overlay grid-overlay-0 \" style=\"background-color: rgba(0,0,0,0);\"><\/div>\n\n    <div class=\"container container-vertical-default\">\n        <div class=\"row vertical-default\">\n            <div class=\"col-md-12     text-default small-screen-default\"  ><div class=\"list-container row text-center element-top-20 element-bottom-20\" data-os-animation=\"none\" data-os-animation-delay=\"0s\">\n<div class=\"col-md-3 text-normal element-top-0 element-bottom-20 text-center\" data-os-animation=\"none\" data-os-animation-delay=\"0s\">\n                    <div class=\"box box-round box-medium box-simple\">\n            <div class=\"box-dummy\"><\/div>\n                            <div class=\"box-inner grid-overlay-0\">\n                        <div class=\"box-animate\" data-animation=\"bounce\">\n                                    <i class=\"fa fa-certificate\"><\/i>\n                            <\/div>\n                            <\/div>\n                    <\/div>\n                        <h3>\n                        D\u00e9panneurs qualifi\u00e9s                    <\/h3>\n            <\/div><div class=\"col-md-3 text-normal element-top-0 element-bottom-20 text-center\" data-os-animation=\"none\" data-os-animation-delay=\"0s\">\n                    <div class=\"box box-round box-medium box-simple\">\n            <div class=\"box-dummy\"><\/div>\n                            <div class=\"box-inner grid-overlay-0\">\n                        <div class=\"box-animate\" data-animation=\"bounce\">\n                                    <i class=\"fa fa-phone\"><\/i>\n                            <\/div>\n                            <\/div>\n                    <\/div>\n                        <h3>\n                        03 20 70 11 12                    <\/h3>\n            <\/div><div class=\"col-md-3 text-normal element-top-0 element-bottom-20 text-center\" data-os-animation=\"none\" data-os-animation-delay=\"0s\">\n                    <div class=\"box box-round box-medium box-simple\">\n            <div class=\"box-dummy\"><\/div>\n                            <div class=\"box-inner grid-overlay-0\">\n                        <div class=\"box-animate\" data-animation=\"bounce\">\n                                    <i class=\"fa fa-clock-o\"><\/i>\n                            <\/div>\n                            <\/div>\n                    <\/div>\n                        <h3>\n                        D\u00e9pannage 24H                    <\/h3>\n            <\/div><div class=\"col-md-3 text-normal element-top-0 element-bottom-20 text-center\" data-os-animation=\"none\" data-os-animation-delay=\"0s\">\n                    <div class=\"box box-round box-medium box-simple\">\n            <div class=\"box-dummy\"><\/div>\n                            <div class=\"box-inner grid-overlay-0\">\n                        <div class=\"box-animate\" data-animation=\"bounce\">\n                                    <i class=\"fa fa-percent\"><\/i>\n                            <\/div>\n                            <\/div>\n                    <\/div>\n                        <h3>\n                        TVA 5,5%                    <\/h3>\n            <\/div><div class=\"col-md-3 text-normal element-top-0 element-bottom-20 text-center\" data-os-animation=\"none\" data-os-animation-delay=\"0s\">\n                    <div class=\"box box-round box-medium box-simple\">\n            <div class=\"box-dummy\"><\/div>\n                            <div class=\"box-inner grid-overlay-0\">\n                        <div class=\"box-animate\" data-animation=\"bounce\">\n                                    <i class=\"fa fa-euro\"><\/i>\n                            <\/div>\n                            <\/div>\n                    <\/div>\n                        <h3>\n                        Jusqu&rsquo;\u00e0 40% d&rsquo;\u00e9conomie sur vos factures                    <\/h3>\n            <\/div><\/div><\/div>        <\/div>\n    <\/div>\n<\/section><section class=\"section  text-normal section-text-no-shadow section-inner-no-shadow section-normal section-opaque\" >\n    \n    <div class=\"background-overlay grid-overlay-0 \" style=\"background-color: rgba(0,0,0,0);\"><\/div>\n\n    <div class=\"container container-vertical-default\">\n        <div class=\"row vertical-default\">\n            <div class=\"col-md-4     text-default small-screen-default\"  ><\/div><div class=\"col-md-4     text-default small-screen-default\"  ><a href=\"http:\/\/bmi-thermique.fr\/index.php\/devis\/\" class=\"btn btn-info btn-lg  text-normal   element-left-0 element-right-0 element-top-20 element-bottom-20\" target=\"_self\"   data-os-animation=\"none\" data-os-animation-delay=\"0s\">\n\t    Demande de devis     <\/a><\/div><div class=\"col-md-4     text-default small-screen-default\"  ><\/div>        <\/div>\n    <\/div>\n<\/section>\n","protected":false},"excerpt":{"rendered":"","protected":false},"author":1,"featured_media":0,"parent":0,"menu_order":0,"comment_status":"closed","ping_status":"closed","template":"","meta":{"spay_email":""},"jetpack_sharing_enabled":true,"jetpack_shortlink":"https:\/\/wp.me\/P9nA1Z-7E","_links":{"self":[{"href":"https:\/\/bmi-thermique.fr\/index.php\/wp-json\/wp\/v2\/pages\/474"}],"collection":[{"href":"https:\/\/bmi-thermique.fr\/index.php\/wp-json\/wp\/v2\/pages"}],"about":[{"href":"https:\/\/bmi-thermique.fr\/index.php\/wp-json\/wp\/v2\/types\/page"}],"author":[{"embeddable":true,"href":"https:\/\/bmi-thermique.fr\/index.php\/wp-json\/wp\/v2\/users\/1"}],"replies":[{"embeddable":true,"href":"https:\/\/bmi-thermique.fr\/index.php\/wp-json\/wp\/v2\/comments?post=474"}],"version-history":[{"count":12,"href":"https:\/\/bmi-thermique.fr\/index.php\/wp-json\/wp\/v2\/pages\/474\/revisions"}],"predecessor-version":[{"id":644,"href":"https:\/\/bmi-thermique.fr\/index.php\/wp-json\/wp\/v2\/pages\/474\/revisions\/644"}],"wp:attachment":[{"href":"https:\/\/bmi-thermique.fr\/index.php\/wp-json\/wp\/v2\/media?parent=474"}],"curies":[{"name":"wp","href":"https:\/\/api.w.org\/{rel}","templated":true}]}}