{"id":487,"date":"2017-11-22T14:08:42","date_gmt":"2017-11-22T13:08:42","guid":{"rendered":"http:\/\/bmi-thermique.fr\/?page_id=487"},"modified":"2018-01-15T11:05:18","modified_gmt":"2018-01-15T10:05:18","slug":"chaudiere-hybride","status":"publish","type":"page","link":"https:\/\/bmi-thermique.fr\/index.php\/chaudiere-hybride\/","title":{"rendered":"Chaudi\u00e8re Hybride"},"content":{"rendered":"<section class=\"section  text-normal section-text-no-shadow section-inner-no-shadow section-normal section-opaque\" >\n    \n    <div class=\"background-overlay grid-overlay-0 \" style=\"background-color: rgba(0,0,0,0);\"><\/div>\n\n    <div class=\"container container-vertical-default\">\n        <div class=\"row vertical-default\">\n            <div class=\"col-md-12     text-default small-screen-default\"  ><div class=\"panel   element-top-20 element-bottom-20\" data-os-animation=\"none\" data-os-animation-delay=\"0s\">\n        <div class=\"panel-body\">\n        <div class=\"col-text-1 text-normal  element-top-20 element-bottom-20\" data-os-animation=\"none\" data-os-animation-delay=\"0s\">\n    <p><img loading=\"lazy\" class=\"size-medium wp-image-514 alignleft\" src=\"http:\/\/bmi-thermique.fr\/wp-content\/uploads\/2015\/03\/Hynea_Hybrid_Duo_Gaz_3_300_dpi-212x300.jpeg\" alt=\"\" width=\"212\" height=\"300\" srcset=\"https:\/\/bmi-thermique.fr\/wp-content\/uploads\/2015\/03\/Hynea_Hybrid_Duo_Gaz_3_300_dpi-212x300.jpeg 212w, https:\/\/bmi-thermique.fr\/wp-content\/uploads\/2015\/03\/Hynea_Hybrid_Duo_Gaz_3_300_dpi-768x1086.jpeg 768w, https:\/\/bmi-thermique.fr\/wp-content\/uploads\/2015\/03\/Hynea_Hybrid_Duo_Gaz_3_300_dpi-724x1024.jpeg 724w, https:\/\/bmi-thermique.fr\/wp-content\/uploads\/2015\/03\/Hynea_Hybrid_Duo_Gaz_3_300_dpi-90x127.jpeg 90w, https:\/\/bmi-thermique.fr\/wp-content\/uploads\/2015\/03\/Hynea_Hybrid_Duo_Gaz_3_300_dpi-700x989.jpeg 700w, https:\/\/bmi-thermique.fr\/wp-content\/uploads\/2015\/03\/Hynea_Hybrid_Duo_Gaz_3_300_dpi.jpeg 849w\" sizes=\"(max-width: 212px) 100vw, 212px\" \/>La chaudi\u00e8re hybride, une combinaison \u00e9conomique associant deux dispositifs, une chaudi\u00e8re \u00e0 condensation et une pompe \u00e0 chaleur (air\/eau ou air\/air).<\/p>\n<p>Un syst\u00e8me intelligent de calcul et de pilotage en temps r\u00e9el utilisant le dispositif le plus \u00e9conomique et le plus performant en termes d\u2019\u00e9conomie d\u2019\u00e9nergie assurant un confort de chauffe id\u00e9al pour votre logement.<\/p>\n<p><u>3 modes de fonctionnements possibles\u00a0en fonction des temp\u00e9ratures ext\u00e9rieures<\/u> :<\/p>\n<ul>\n<li>Temp\u00e9rature chaude -&gt; 100% PAC<\/li>\n<li>Temp\u00e9rature interm\u00e9diaire -&gt; Mode Hybride<\/li>\n<li>Temp\u00e9rature froide -&gt; 100% chaudi\u00e8re<\/li>\n<\/ul>\n<\/div>\n    <\/div>\n<\/div><\/div>        <\/div>\n    <\/div>\n<\/section><section class=\"section  text-normal section-text-no-shadow section-inner-no-shadow section-normal section-opaque\" >\n    \n    <div class=\"background-overlay grid-overlay-0 \" style=\"background-color: rgba(0,0,0,0);\"><\/div>\n\n    <div class=\"container container-vertical-default\">\n        <div class=\"row vertical-default\">\n            <div class=\"col-md-12     text-default small-screen-default\"  ><div class=\"list-container row  element-top-20 element-bottom-20\" data-os-animation=\"none\" data-os-animation-delay=\"0s\">\n<div class=\"col-md-3 text-normal element-top-0 element-bottom-20 text-center\" data-os-animation=\"none\" data-os-animation-delay=\"0s\">\n                    <div class=\"box box-round box-big box-simple\">\n            <div class=\"box-dummy\"><\/div>\n                            <a class=\"box-inner grid-overlay-0\" href=\"https:\/\/bmi-thermique.fr\/index.php\/our-services\/credit-dimpots-30\/\" target=\"_self\">\n                        <div class=\"box-animate\" data-animation=\"bounce\">\n                                    <i class=\"fa fa-files-o\"><\/i>\n                            <\/div>\n                            <\/a>\n                    <\/div>\n                        <h3>\n                            <a href=\"https:\/\/bmi-thermique.fr\/index.php\/our-services\/credit-dimpots-30\/\" target=\"_self\">\n                        Cr\u00e9dit d&rsquo;imp\u00f4ts 30%                            <\/a>\n                    <\/h3>\n                <p><\/p>\n        <\/div><div class=\"col-md-3 text-normal element-top-0 element-bottom-20 text-center\" data-os-animation=\"none\" data-os-animation-delay=\"0s\">\n                    <div class=\"box box-round box-big box-simple\">\n            <div class=\"box-dummy\"><\/div>\n                            <a class=\"box-inner grid-overlay-0\" href=\"https:\/\/bmi-thermique.fr\/index.php\/our-services\/prime-cee\/\" target=\"_self\">\n                        <div class=\"box-animate\" data-animation=\"bounce\">\n                                    <i class=\"fa fa-align-center\"><\/i>\n                            <\/div>\n                            <\/a>\n                    <\/div>\n                        <h3>\n                            <a href=\"https:\/\/bmi-thermique.fr\/index.php\/our-services\/prime-cee\/\" target=\"_self\">\n                        Prime CEE                            <\/a>\n                    <\/h3>\n                <p>CEE<\/p>\n        <\/div><div class=\"col-md-3 text-normal element-top-0 element-bottom-20 text-center\" data-os-animation=\"none\" data-os-animation-delay=\"0s\">\n                    <div class=\"box box-round box-big box-simple\">\n            <div class=\"box-dummy\"><\/div>\n                            <a class=\"box-inner grid-overlay-0\" href=\"https:\/\/bmi-thermique.fr\/index.php\/our-services\/eco-pret-a-taux-0\/\" target=\"_self\">\n                        <div class=\"box-animate\" data-animation=\"bounce\">\n                            <\/div>\n                            <\/a>\n                    <\/div>\n                        <h3>\n                            <a href=\"https:\/\/bmi-thermique.fr\/index.php\/our-services\/eco-pret-a-taux-0\/\" target=\"_self\">\n                        Eco pr\u00eat \u00e0 taux 0                            <\/a>\n                    <\/h3>\n                <p><\/p>\n        <\/div><div class=\"col-md-3 text-normal element-top-0 element-bottom-20 text-center\" data-os-animation=\"none\" data-os-animation-delay=\"0s\">\n                    <div class=\"box box-round box-big box-simple\">\n            <div class=\"box-dummy\"><\/div>\n                            <a class=\"box-inner grid-overlay-0\" href=\"https:\/\/bmi-thermique.fr\/index.php\/our-services\/jusqua-40-deconomie-sur-vos-factures\/\" target=\"_self\">\n                        <div class=\"box-animate\" data-animation=\"bounce\">\n                                    <i class=\"fa fa-euro\"><\/i>\n                            <\/div>\n                            <\/a>\n                    <\/div>\n                        <h3>\n                            <a href=\"https:\/\/bmi-thermique.fr\/index.php\/our-services\/jusqua-40-deconomie-sur-vos-factures\/\" target=\"_self\">\n                        Jusqu&rsquo;\u00e0 40% d&rsquo;\u00e9conomie sur vos factures                            <\/a>\n                    <\/h3>\n                <p><\/p>\n        <\/div><\/div><\/div>        <\/div>\n    <\/div>\n<\/section><section class=\"section  text-normal section-text-no-shadow section-inner-no-shadow section-normal section-opaque\" >\n    \n    <div class=\"background-overlay grid-overlay-0 \" style=\"background-color: rgba(0,0,0,0);\"><\/div>\n\n    <div class=\"container container-vertical-default\">\n        <div class=\"row vertical-default\">\n            <div class=\"col-md-4     text-default small-screen-default\"  ><\/div><div class=\"col-md-4     text-default small-screen-default\"  ><a href=\"http:\/\/bmi-thermique.fr\/index.php\/devis\/\" class=\"btn btn-info btn-lg  text-normal   element-left-0 element-right-0 element-top-20 element-bottom-20\" target=\"_self\"   data-os-animation=\"none\" data-os-animation-delay=\"0s\">\n\t    Demande de devis     <\/a><\/div><div class=\"col-md-4     text-default small-screen-default\"  ><\/div>        <\/div>\n    <\/div>\n<\/section>\n","protected":false},"excerpt":{"rendered":"","protected":false},"author":1,"featured_media":0,"parent":0,"menu_order":0,"comment_status":"closed","ping_status":"closed","template":"","meta":{"spay_email":""},"jetpack_sharing_enabled":true,"jetpack_shortlink":"https:\/\/wp.me\/P9nA1Z-7R","_links":{"self":[{"href":"https:\/\/bmi-thermique.fr\/index.php\/wp-json\/wp\/v2\/pages\/487"}],"collection":[{"href":"https:\/\/bmi-thermique.fr\/index.php\/wp-json\/wp\/v2\/pages"}],"about":[{"href":"https:\/\/bmi-thermique.fr\/index.php\/wp-json\/wp\/v2\/types\/page"}],"author":[{"embeddable":true,"href":"https:\/\/bmi-thermique.fr\/index.php\/wp-json\/wp\/v2\/users\/1"}],"replies":[{"embeddable":true,"href":"https:\/\/bmi-thermique.fr\/index.php\/wp-json\/wp\/v2\/comments?post=487"}],"version-history":[{"count":7,"href":"https:\/\/bmi-thermique.fr\/index.php\/wp-json\/wp\/v2\/pages\/487\/revisions"}],"predecessor-version":[{"id":647,"href":"https:\/\/bmi-thermique.fr\/index.php\/wp-json\/wp\/v2\/pages\/487\/revisions\/647"}],"wp:attachment":[{"href":"https:\/\/bmi-thermique.fr\/index.php\/wp-json\/wp\/v2\/media?parent=487"}],"curies":[{"name":"wp","href":"https:\/\/api.w.org\/{rel}","templated":true}]}}