{"id":600,"date":"2017-12-27T17:18:31","date_gmt":"2017-12-27T16:18:31","guid":{"rendered":"http:\/\/bmi-thermique.fr\/?page_id=600"},"modified":"2018-01-15T11:14:34","modified_gmt":"2018-01-15T10:14:34","slug":"pompe-a-chaleur-pac","status":"publish","type":"page","link":"https:\/\/bmi-thermique.fr\/index.php\/pompe-a-chaleur-pac\/","title":{"rendered":"Pompe \u00e0 Chaleur (PAC)"},"content":{"rendered":"<section class=\"section  text-normal section-text-no-shadow section-inner-no-shadow section-normal section-opaque\" >\n    \n    <div class=\"background-overlay grid-overlay-0 \" style=\"background-color: rgba(0,0,0,0);\"><\/div>\n\n    <div class=\"container container-vertical-default\">\n        <div class=\"row vertical-default\">\n            <div class=\"col-md-6     text-default small-screen-default\"  ><div class=\"panel   element-top-20 element-bottom-20\" data-os-animation=\"none\" data-os-animation-delay=\"0s\">\n        <div class=\"panel-heading\">\n        <h3 class=\"panel-title\">\n            Pompe \u00e0 Chaleur (PAC) :        <\/h3>\n    <\/div>\n        <div class=\"panel-body\">\n        <div class=\"col-text-1 text-normal  element-top-20 element-bottom-20\" data-os-animation=\"none\" data-os-animation-delay=\"0s\">\n    <p>Le principe de la pompe \u00e0 chaleur est simple, elle permet de chauffer un logement gr\u00e2ce aux calories contenues dans la terre, l\u2019eau, l\u2019air qui nous entoure. Il existe donc plusieurs combinaisons de pompe \u00e0 chaleur.<\/p>\n<p>Une pompe \u00e0 chaleur est compos\u00e9e d\u2019un \u00e9vaporateur, d\u2019un g\u00e9n\u00e9rateur \u00e0 compresseur et d\u2019un condensateur :<\/p>\n<p>Un fluide frigorifique capte les calories ambiantes \u00e0 l\u2019ext\u00e9rieur du logement et passe d\u2019un \u00e9tat liquide \u00e0 un \u00e9tat d\u2019\u00e9bullition (son point d\u2019\u00e9vaporation est \u00e0 -5\u00b0C).<\/p>\n<p>&nbsp;<\/p>\n<p>La vapeur ainsi cr\u00e9\u00e9e est aspir\u00e9e, compress\u00e9e et chauff\u00e9e par le compresseur qui l\u2019exp\u00e9die \u00e0 haute pression vers le condenseur.<\/p>\n<p>&nbsp;<\/p>\n<p>Le liquide r\u00e9frig\u00e9rant va alors c\u00e9der ses calories au condenseur, soit directement, soit via un circuit d\u2019\u00e9change d\u2019eau. A son tour le condenseur restitue les calories et donc la chaleur au logement.<\/p>\n<\/div>\n    <\/div>\n<\/div><\/div><div class=\"col-md-6     text-default small-screen-default\"  ><div class=\"panel   element-top-20 element-bottom-20\" data-os-animation=\"none\" data-os-animation-delay=\"0s\">\n        <div class=\"panel-heading\">\n        <h3 class=\"panel-title\">\n            Ses avantages :        <\/h3>\n    <\/div>\n        <div class=\"panel-body\">\n        <div class=\"col-text-1 text-normal  element-top-20 element-bottom-20\" data-os-animation=\"none\" data-os-animation-delay=\"0s\">\n    <ul>\n<li>Pour 1kWh d\u2019\u00e9lectricit\u00e9 consomm\u00e9e pour fonctionner, la PAC restitue 3 \u00e0 4 kWh de chaleur. Elle permet ainsi de r\u00e9duire consid\u00e9rablement les d\u00e9penses de produire en moyenne plus de 4 fois d\u2019\u00e9nergie que celle n\u00e9cessaire \u00e0 son fonctionnement offrant ainsi jusqu\u2019\u00e0 70% d\u2019\u00e9conomies d\u2019\u00e9nergie<\/li>\n<li>Peut r\u00e9pondre \u00e0 vos besoins\u00a0: chauffer l\u2019hiver et rafraichir l\u2019\u00e9t\u00e9 (si mod\u00e8le r\u00e9versible)<\/li>\n<li>Permet de b\u00e9n\u00e9ficier des aides financi\u00e8res<\/li>\n<li>Syst\u00e8me enti\u00e8rement \u00e9cologique<\/li>\n<\/ul>\n<p><img loading=\"lazy\" class=\"size-medium wp-image-654 aligncenter\" src=\"http:\/\/bmi-thermique.fr\/wp-content\/uploads\/2017\/12\/Pompe-\u00e0-chaleur-300x200.jpg\" alt=\"\" width=\"300\" height=\"200\" srcset=\"https:\/\/bmi-thermique.fr\/wp-content\/uploads\/2017\/12\/Pompe-\u00e0-chaleur-300x200.jpg 300w, https:\/\/bmi-thermique.fr\/wp-content\/uploads\/2017\/12\/Pompe-\u00e0-chaleur-768x512.jpg 768w, https:\/\/bmi-thermique.fr\/wp-content\/uploads\/2017\/12\/Pompe-\u00e0-chaleur-90x60.jpg 90w, https:\/\/bmi-thermique.fr\/wp-content\/uploads\/2017\/12\/Pompe-\u00e0-chaleur-700x466.jpg 700w, https:\/\/bmi-thermique.fr\/wp-content\/uploads\/2017\/12\/Pompe-\u00e0-chaleur-600x400.jpg 600w, https:\/\/bmi-thermique.fr\/wp-content\/uploads\/2017\/12\/Pompe-\u00e0-chaleur.jpg 800w\" sizes=\"(max-width: 300px) 100vw, 300px\" \/><\/p>\n<\/div>\n    <\/div>\n<\/div><\/div>        <\/div>\n    <\/div>\n<\/section>\n","protected":false},"excerpt":{"rendered":"Pompe \u00e0 Chaleur (PAC) : Le principe de la pompe \u00e0 chaleur est simple, elle permet de chauffer un logement gr\u00e2ce aux calories contenues dans la terre, l\u2019eau, l\u2019air qui nous entoure. Il existe donc plusieurs combinaisons de pompe \u00e0 chaleur. Une pompe \u00e0 chaleur est compos\u00e9e d\u2019un \u00e9vaporateur, d\u2019un g\u00e9n\u00e9rateur \u00e0 compresseur et d\u2019un","protected":false},"author":1,"featured_media":0,"parent":0,"menu_order":0,"comment_status":"closed","ping_status":"closed","template":"","meta":{"spay_email":""},"jetpack_sharing_enabled":true,"jetpack_shortlink":"https:\/\/wp.me\/P9nA1Z-9G","_links":{"self":[{"href":"https:\/\/bmi-thermique.fr\/index.php\/wp-json\/wp\/v2\/pages\/600"}],"collection":[{"href":"https:\/\/bmi-thermique.fr\/index.php\/wp-json\/wp\/v2\/pages"}],"about":[{"href":"https:\/\/bmi-thermique.fr\/index.php\/wp-json\/wp\/v2\/types\/page"}],"author":[{"embeddable":true,"href":"https:\/\/bmi-thermique.fr\/index.php\/wp-json\/wp\/v2\/users\/1"}],"replies":[{"embeddable":true,"href":"https:\/\/bmi-thermique.fr\/index.php\/wp-json\/wp\/v2\/comments?post=600"}],"version-history":[{"count":3,"href":"https:\/\/bmi-thermique.fr\/index.php\/wp-json\/wp\/v2\/pages\/600\/revisions"}],"predecessor-version":[{"id":656,"href":"https:\/\/bmi-thermique.fr\/index.php\/wp-json\/wp\/v2\/pages\/600\/revisions\/656"}],"wp:attachment":[{"href":"https:\/\/bmi-thermique.fr\/index.php\/wp-json\/wp\/v2\/media?parent=600"}],"curies":[{"name":"wp","href":"https:\/\/api.w.org\/{rel}","templated":true}]}}