{"id":604,"date":"2017-12-27T17:21:05","date_gmt":"2017-12-27T16:21:05","guid":{"rendered":"http:\/\/bmi-thermique.fr\/?page_id=604"},"modified":"2018-02-12T18:27:43","modified_gmt":"2018-02-12T17:27:43","slug":"radiateur","status":"publish","type":"page","link":"https:\/\/bmi-thermique.fr\/index.php\/radiateur\/","title":{"rendered":"Radiateur"},"content":{"rendered":"<section class=\"section  text-normal section-text-no-shadow section-inner-no-shadow section-normal section-opaque\" >\n    \n    <div class=\"background-overlay grid-overlay-0 \" style=\"background-color: rgba(0,0,0,0);\"><\/div>\n\n    <div class=\"container container-vertical-default\">\n        <div class=\"row vertical-default\">\n            <div class=\"col-md-6     text-default small-screen-default\"  ><div class=\"panel  text-center element-top-20 element-bottom-20\" data-os-animation=\"none\" data-os-animation-delay=\"0s\">\n        <div class=\"panel-heading\">\n        <h3 class=\"panel-title\">\n            Radiateur :        <\/h3>\n    <\/div>\n        <div class=\"panel-body\">\n        <div class=\"col-text-1 text-normal  element-top-20 element-bottom-20\" data-os-animation=\"none\" data-os-animation-delay=\"0s\">\n    <p>Lequel s\u2019adapte le mieux \u00e0 vos besoins et comment le choisir\u00a0?<\/p>\n<p>Le radiateur de chauffage central \u00e0 eau chaude est l\u2019une des solutions les plus classique pour chauffer votre habitation, chauffant votre logement pi\u00e8ce par pi\u00e8ce, il peut \u00eatre \u00e0 la fois d\u00e9coratif, multifonctionnel et discret. Il existe de nos jours une tr\u00e8s large gamme d\u2019\u00e9metteurs et vous trouverez \u00e0 coups s\u00fbr celui qui r\u00e9pondra \u00e0 vos besoins.<\/p>\n<p>N\u2019h\u00e9sitez pas \u00e0 nous contacter, nous vous pr\u00e9senterons la multitude de possibilit\u00e9 qui s\u2019offre \u00e0 vous en termes de radiateur et nous nous efforcerons de vous proposer celui qui r\u00e9pondra au mieux \u00e0 vos envies et votre budget<\/p>\n<\/div>\n<a href=\"http:\/\/bmi-thermique.fr\/index.php\/devis\/\" class=\"btn btn-info btn-lg  text-normal  text-center element-left-0 element-right-0 element-top-20 element-bottom-20\" target=\"_self\"   data-os-animation=\"none\" data-os-animation-delay=\"0s\">\n\t    Demande de devis     <\/a>    <\/div>\n<\/div><\/div><div class=\"col-md-6     text-default small-screen-default\"  ><div class=\"panel  text-center element-top-20 element-bottom-20\" data-os-animation=\"none\" data-os-animation-delay=\"0s\">\n        <div class=\"panel-heading\">\n        <h3 class=\"panel-title\">\n             On retrouve diff\u00e9rents types de radiateurs :        <\/h3>\n    <\/div>\n        <div class=\"panel-body\">\n        <div class=\"col-text-1 text-normal  element-top-20 element-bottom-20\" data-os-animation=\"none\" data-os-animation-delay=\"0s\">\n    <ul>\n<li>Les radiateurs en acier avec une faible accumulation en eau et une mont\u00e9e en temp\u00e9rature rapide, id\u00e9al pour les pi\u00e8ces peu utilis\u00e9es ayant un besoin de chauffe rapide, cependant ce dernier se refroidit tout aussi rapidement<\/li>\n<li>Les radiateurs en fonte d\u00e9livrant une chaleur constante et ayant une forte inertie<\/li>\n<li>Les radiateurs en aluminium \u00e0 tr\u00e8s forte conductivit\u00e9 permettant une mont\u00e9e en temp\u00e9rature rapide et un refroidissement lent<\/li>\n<\/ul>\n<p><img loading=\"lazy\" class=\"size-medium wp-image-659 aligncenter\" src=\"http:\/\/bmi-thermique.fr\/wp-content\/uploads\/2017\/12\/Radiateur-Quattro--300x150.jpg\" alt=\"\" width=\"300\" height=\"150\" srcset=\"https:\/\/bmi-thermique.fr\/wp-content\/uploads\/2017\/12\/Radiateur-Quattro--300x150.jpg 300w, https:\/\/bmi-thermique.fr\/wp-content\/uploads\/2017\/12\/Radiateur-Quattro--768x384.jpg 768w, https:\/\/bmi-thermique.fr\/wp-content\/uploads\/2017\/12\/Radiateur-Quattro--90x45.jpg 90w, https:\/\/bmi-thermique.fr\/wp-content\/uploads\/2017\/12\/Radiateur-Quattro--700x350.jpg 700w, https:\/\/bmi-thermique.fr\/wp-content\/uploads\/2017\/12\/Radiateur-Quattro-.jpg 800w\" sizes=\"(max-width: 300px) 100vw, 300px\" \/><\/p>\n<\/div>\n    <\/div>\n<\/div><\/div>        <\/div>\n    <\/div>\n<\/section><section class=\"section  text-normal section-text-no-shadow section-inner-no-shadow section-normal section-opaque\" >\n    \n    <div class=\"background-overlay grid-overlay-0 \" style=\"background-color: rgba(0,0,0,0);\"><\/div>\n\n    <div class=\"container container-vertical-default\">\n        <div class=\"row vertical-default\">\n            <div class=\"col-md-6     text-default small-screen-default\"  ><div class=\"figure element-top-20 element-bottom-20  \" data-os-animation=\"none\" data-os-animation-delay=\"0s\">\n            <a href=\"https:\/\/bmi-thermique.fr\/wp-content\/uploads\/2017\/12\/Radiateurs-Verti-Compla.jpg\" class=\"figure-image magnific\" target=\"_self\">\n        <img width=\"979\" height=\"979\" src=\"https:\/\/bmi-thermique.fr\/wp-content\/uploads\/2017\/12\/Radiateurs-Verti-Compla.jpg\" class=\"attachment-full size-full\" alt=\"\" loading=\"lazy\" srcset=\"https:\/\/bmi-thermique.fr\/wp-content\/uploads\/2017\/12\/Radiateurs-Verti-Compla.jpg 979w, https:\/\/bmi-thermique.fr\/wp-content\/uploads\/2017\/12\/Radiateurs-Verti-Compla-150x150.jpg 150w, https:\/\/bmi-thermique.fr\/wp-content\/uploads\/2017\/12\/Radiateurs-Verti-Compla-300x300.jpg 300w, https:\/\/bmi-thermique.fr\/wp-content\/uploads\/2017\/12\/Radiateurs-Verti-Compla-768x768.jpg 768w, https:\/\/bmi-thermique.fr\/wp-content\/uploads\/2017\/12\/Radiateurs-Verti-Compla-75x75.jpg 75w, https:\/\/bmi-thermique.fr\/wp-content\/uploads\/2017\/12\/Radiateurs-Verti-Compla-90x90.jpg 90w, https:\/\/bmi-thermique.fr\/wp-content\/uploads\/2017\/12\/Radiateurs-Verti-Compla-700x700.jpg 700w, https:\/\/bmi-thermique.fr\/wp-content\/uploads\/2017\/12\/Radiateurs-Verti-Compla-600x600.jpg 600w\" sizes=\"(max-width: 979px) 100vw, 979px\" \/>            <\/a>\n    <\/div>\n<\/div><div class=\"col-md-6     text-default small-screen-default\"  ><div class=\"figure element-top-20 element-bottom-20  \" data-os-animation=\"none\" data-os-animation-delay=\"0s\">\n            <a href=\"https:\/\/bmi-thermique.fr\/wp-content\/uploads\/2017\/12\/Radiateur-S\u00e8che-Serviette.jpg\" class=\"figure-image magnific\" target=\"_self\">\n        <img width=\"800\" height=\"800\" src=\"https:\/\/bmi-thermique.fr\/wp-content\/uploads\/2017\/12\/Radiateur-S\u00e8che-Serviette.jpg\" class=\"attachment-full size-full\" alt=\"\" loading=\"lazy\" srcset=\"https:\/\/bmi-thermique.fr\/wp-content\/uploads\/2017\/12\/Radiateur-S\u00e8che-Serviette.jpg 800w, https:\/\/bmi-thermique.fr\/wp-content\/uploads\/2017\/12\/Radiateur-S\u00e8che-Serviette-150x150.jpg 150w, https:\/\/bmi-thermique.fr\/wp-content\/uploads\/2017\/12\/Radiateur-S\u00e8che-Serviette-300x300.jpg 300w, https:\/\/bmi-thermique.fr\/wp-content\/uploads\/2017\/12\/Radiateur-S\u00e8che-Serviette-768x768.jpg 768w, https:\/\/bmi-thermique.fr\/wp-content\/uploads\/2017\/12\/Radiateur-S\u00e8che-Serviette-75x75.jpg 75w, https:\/\/bmi-thermique.fr\/wp-content\/uploads\/2017\/12\/Radiateur-S\u00e8che-Serviette-90x90.jpg 90w, https:\/\/bmi-thermique.fr\/wp-content\/uploads\/2017\/12\/Radiateur-S\u00e8che-Serviette-700x700.jpg 700w, https:\/\/bmi-thermique.fr\/wp-content\/uploads\/2017\/12\/Radiateur-S\u00e8che-Serviette-600x600.jpg 600w\" sizes=\"(max-width: 800px) 100vw, 800px\" \/>            <\/a>\n    <\/div>\n<\/div>        <\/div>\n    <\/div>\n<\/section>\n","protected":false},"excerpt":{"rendered":"Radiateur : Lequel s\u2019adapte le mieux \u00e0 vos besoins et comment le choisir\u00a0? Le radiateur de chauffage central \u00e0 eau chaude est l\u2019une des solutions les plus classique pour chauffer votre habitation, chauffant votre logement pi\u00e8ce par pi\u00e8ce, il peut \u00eatre \u00e0 la fois d\u00e9coratif, multifonctionnel et discret. Il existe de nos jours une tr\u00e8s","protected":false},"author":1,"featured_media":0,"parent":0,"menu_order":0,"comment_status":"closed","ping_status":"closed","template":"","meta":{"spay_email":""},"jetpack_sharing_enabled":true,"jetpack_shortlink":"https:\/\/wp.me\/P9nA1Z-9K","_links":{"self":[{"href":"https:\/\/bmi-thermique.fr\/index.php\/wp-json\/wp\/v2\/pages\/604"}],"collection":[{"href":"https:\/\/bmi-thermique.fr\/index.php\/wp-json\/wp\/v2\/pages"}],"about":[{"href":"https:\/\/bmi-thermique.fr\/index.php\/wp-json\/wp\/v2\/types\/page"}],"author":[{"embeddable":true,"href":"https:\/\/bmi-thermique.fr\/index.php\/wp-json\/wp\/v2\/users\/1"}],"replies":[{"embeddable":true,"href":"https:\/\/bmi-thermique.fr\/index.php\/wp-json\/wp\/v2\/comments?post=604"}],"version-history":[{"count":9,"href":"https:\/\/bmi-thermique.fr\/index.php\/wp-json\/wp\/v2\/pages\/604\/revisions"}],"predecessor-version":[{"id":689,"href":"https:\/\/bmi-thermique.fr\/index.php\/wp-json\/wp\/v2\/pages\/604\/revisions\/689"}],"wp:attachment":[{"href":"https:\/\/bmi-thermique.fr\/index.php\/wp-json\/wp\/v2\/media?parent=604"}],"curies":[{"name":"wp","href":"https:\/\/api.w.org\/{rel}","templated":true}]}}