{"id":608,"date":"2018-01-10T15:51:10","date_gmt":"2018-01-10T14:51:10","guid":{"rendered":"http:\/\/bmi-thermique.fr\/?page_id=608"},"modified":"2018-01-10T15:51:15","modified_gmt":"2018-01-10T14:51:15","slug":"ballon-deau-chaude","status":"publish","type":"page","link":"https:\/\/bmi-thermique.fr\/index.php\/ballon-deau-chaude\/","title":{"rendered":"Ballon d&rsquo;eau chaude"},"content":{"rendered":"<section class=\"section  text-normal section-text-no-shadow section-inner-no-shadow section-normal section-opaque\" >\n    \n    <div class=\"background-overlay grid-overlay-0 \" style=\"background-color: rgba(0,0,0,0);\"><\/div>\n\n    <div class=\"container container-vertical-default\">\n        <div class=\"row vertical-default\">\n            <div class=\"col-md-6     text-default small-screen-default\"  ><div class=\"panel   element-top-20 element-bottom-20\" data-os-animation=\"none\" data-os-animation-delay=\"0s\">\n        <div class=\"panel-heading\">\n        <h3 class=\"panel-title\">\n            Ballon d\u2019eau chaude         <\/h3>\n    <\/div>\n        <div class=\"panel-body\">\n        <div class=\"col-text-1 text-normal  element-top-20 element-bottom-20\" data-os-animation=\"none\" data-os-animation-delay=\"0s\">\n    <p>Le ballon d\u2019eau chaude est un \u00e9l\u00e9ment indispensable de notre confort moderne, on le retrouve dans grand nombre d\u2019habitation. En fonction de sa capacit\u00e9 (en litres) calcul\u00e9e selon vos besoins, il permet de fournir de l\u2019eau chaude sanitaire \u00e0 toute votre famille.<\/p>\n<p>L\u2019\u00e9ventail de type de ballon d\u2019eau chaude est relativement large, fonctionnant gr\u00e2ce \u00e0 diverses \u00e9nergies et s\u2019adaptant \u00e0 votre installation et vos envies.<\/p>\n<p>Chaque mod\u00e8le a ses avantages et ses inconv\u00e9nients c\u2019est pourquoi il faudra se baser sur vos besoins en eau chaude sur le long terme et sur les aides \u00e9cologiques en place afin de d\u00e9terminer au mieux l\u2019installation faite pour vous.<\/p>\n<\/div>\n    <\/div>\n<\/div><\/div><div class=\"col-md-6     text-default small-screen-default\"  ><div class=\"panel   element-top-20 element-bottom-20\" data-os-animation=\"none\" data-os-animation-delay=\"0s\">\n        <div class=\"panel-heading\">\n        <h3 class=\"panel-title\">\n            Il existe deux cat\u00e9gories principales de chauffe-eau :        <\/h3>\n    <\/div>\n        <div class=\"panel-body\">\n        <div class=\"col-text-1 text-normal  element-top-20 element-bottom-20\" data-os-animation=\"none\" data-os-animation-delay=\"0s\">\n    <ul>\n<li>Le chauffe-eau instantan\u00e9 o\u00f9 l\u2019eau chaude est produite \u00e0 la demande et sans stockage pr\u00e9alable, bien entendu ce syst\u00e8me permet une chauffe rapide mais gourmande en \u00e9nergie<\/li>\n<li>Le chauffe-eau \u00e0 accumulation, qui comme son nom l\u2019indique, accumule et stock l\u2019eau chaude puis se renouvelle automatiquement au fur et \u00e0 mesure que l\u2019eau chaude produite est utilis\u00e9e.<\/li>\n<\/ul>\n<\/div>\n    <\/div>\n<\/div><div class=\"figure element-top-20 element-bottom-20  \" data-os-animation=\"none\" data-os-animation-delay=\"0s\">\n            <span class=\"figure-image\">\n                    <\/span>\n    <\/div>\n<\/div>        <\/div>\n    <\/div>\n<\/section><section class=\"section  text-normal section-text-no-shadow section-inner-no-shadow section-normal section-opaque\" >\n    \n    <div class=\"background-overlay grid-overlay-0 \" style=\"background-color: rgba(0,0,0,0);\"><\/div>\n\n    <div class=\"container container-vertical-default\">\n        <div class=\"row vertical-default\">\n            <div class=\"col-md-4    text-center text-default small-screen-default\"  style=\"background:#ffffff;\"><div class=\"panel   element-top-0 element-bottom-0\" data-os-animation=\"none\" data-os-animation-delay=\"0s\">\n        <div class=\"panel-heading\">\n        <h3 class=\"panel-title\">\n            Chauffe-eau gaz         <\/h3>\n    <\/div>\n        <div class=\"panel-body\">\n        <div class=\"box box-round box-big box-simple  element-top-20 element-bottom-20\" data-os-animation=\"none\" data-os-animation-delay=\"0s\">\n    <div class=\"box-dummy\"><\/div>\n            <div class=\"box-inner grid-overlay-0\" >\n        <div class=\"box-animate\" data-animation=\"none\">\n        <img width=\"600\" height=\"600\" src=\"https:\/\/bmi-thermique.fr\/wp-content\/uploads\/2018\/01\/opalia-c11-c14-281206-format-flex-height-600x600.png\" class=\"attachment-square-image size-square-image\" alt=\"Chauffe-eau gaz\" loading=\"lazy\" srcset=\"https:\/\/bmi-thermique.fr\/wp-content\/uploads\/2018\/01\/opalia-c11-c14-281206-format-flex-height-600x600.png 600w, https:\/\/bmi-thermique.fr\/wp-content\/uploads\/2018\/01\/opalia-c11-c14-281206-format-flex-height-150x150.png 150w, https:\/\/bmi-thermique.fr\/wp-content\/uploads\/2018\/01\/opalia-c11-c14-281206-format-flex-height-75x75.png 75w\" sizes=\"(max-width: 600px) 100vw, 600px\" \/>    <\/div>\n            <\/div>\n    <\/div><div class=\"col-text-1 text-normal  element-top-20 element-bottom-20\" data-os-animation=\"none\" data-os-animation-delay=\"0s\">\n    <p style=\"text-align: left;\">Le chauffe-eau gaz, bien \u00e9videmment, produit de l\u2019eau chaude gr\u00e2ce \u00e0 la combustion d\u2019un gaz, g\u00e9n\u00e9ralement il fonctionne gr\u00e2ce au gaz de ville, n\u00e9anmoins il peut aussi chauffer \u00e0 l\u2019aide de butane ou de propane.<\/p>\n<p style=\"text-align: left;\">Tout comme les autres types de chauffe-eau, il se divise en deux cat\u00e9gories, c\u2019est-\u00e0-dire, chauffe-eau gaz instantan\u00e9 ou \u00e0 accumulation.<\/p>\n<p style=\"text-align: left;\">Dans le cas d\u2019un instantan\u00e9, la production d\u2019eau chaude est illimit\u00e9e dans le temps car il produit en direct l\u2019eau chaude demand\u00e9e. La production d&rsquo;eau chaude est provoqu\u00e9e par l&rsquo;ouverture d&rsquo;un robinet. L&rsquo;eau froide parcourt un serpentin chauff\u00e9 par un br\u00fbleur dont l&rsquo;allumage est pilot\u00e9 par un thermostat. \u00a0De plus, l\u2019absence de stockage de ce type d\u2019appareil, permet \u00e0 ce dernier d\u2019\u00eatre facilement plac\u00e9 dans un placard. Cependant, si plusieurs points tirent de l\u2019eau chaude en m\u00eame temps, l\u2019homog\u00e9n\u00e9it\u00e9 de la temp\u00e9rature de l\u2019eau est difficile \u00e0 obtenir.<\/p>\n<p style=\"text-align: left;\">Dans le cas d\u2019un chauffe-eau \u00e0 accumulation, on retrouve le syst\u00e8me de ballon de stockage, similaire \u00e0 un cumulus \u00e9lectrique mais avec un br\u00fbleur \u00e0 la place de la r\u00e9sistance \u00e9lectrique. L&rsquo;eau chaude est stock\u00e9e dans un ballon qui est soit int\u00e9gr\u00e9 \u00e0 la chaudi\u00e8re, soit externe. \u00a0Le transfert de la chaleur se fait par le contact des flammes du br\u00fbleur ou par le contact des fum\u00e9es issues de la combustion. L\u2019avantage de ce syst\u00e8me est que la temp\u00e9rature de l\u2019eau chaude est constante et le processus de chauffe est plus rapide qu\u2019avec un chauffe-eau \u00e9lectrique.<\/p>\n<p style=\"text-align: left;\">Que l\u2019on soit en instantan\u00e9 ou \u00e0 accumulation, l\u2019\u00e9vacuation des gaz suit elle le m\u00eame syst\u00e8me. Les gaz r\u00e9siduels produit par la combustion sont \u00e9vacu\u00e9s \u00e0 l\u2019ext\u00e9rieure de l\u2019habitation soit par chemin\u00e9e soit par ventouse.<\/p>\n<p style=\"text-align: left;\">Afin d\u2019\u00e9viter toute complication, l\u2019entretien annuel de ce genre d\u2019appareil est tr\u00e8s important et ne doit pas \u00eatre n\u00e9glig\u00e9. C\u2019est pourquoi faire appel \u00e0 un professionnel qualifi\u00e9 est la meilleure solution<\/p>\n<\/div>\n    <\/div>\n<\/div><\/div><div class=\"col-md-4     text-default small-screen-default\"  ><div class=\"panel  text-center element-top-0 element-bottom-0\" data-os-animation=\"none\" data-os-animation-delay=\"0s\">\n        <div class=\"panel-heading\">\n        <h3 class=\"panel-title\">\n            Chauffe-eau \u00e9lectrique        <\/h3>\n    <\/div>\n        <div class=\"panel-body\">\n        <div class=\"col-text-1 text-normal  element-top-20 element-bottom-20\" data-os-animation=\"none\" data-os-animation-delay=\"0s\">\n    <p style=\"text-align: left;\">Tout comme les autres types de chauffe-eau, on retrouve deux cat\u00e9gories principales de cumulus \u00e9lectrique, instantan\u00e9 ou \u00e0 accumulation. Ces deux cat\u00e9gories sont \u00e0 leur tour scind\u00e9es en deux parties\u00a0caract\u00e9ris\u00e9es par le type de r\u00e9sistance utilis\u00e9, blind\u00e9e ou st\u00e9atite.<\/p>\n<p style=\"text-align: left;\">\n<p style=\"text-align: left;\"><u>Pour comprendre, regardons de plus pr\u00e8s son fonctionnement\u00a0: <\/u><\/p>\n<p style=\"text-align: left;\">Dans le cas d\u2019un cumulus \u00e9lectrique \u00e0 accumulation, l&rsquo;arriv\u00e9e d&rsquo;eau froide sous pression remplit le r\u00e9servoir au fur et \u00e0 mesure qu&rsquo;il se vide. L&rsquo;eau froide rentre par le bas de la cuve (m\u00eame pour une version horizontale), pour y \u00eatre chauff\u00e9e progressivement et automatiquement sous l&rsquo;effet de la r\u00e9sistance \u00e9lectrique (blind\u00e9e ou st\u00e9atite).<\/p>\n<p style=\"text-align: left;\">L&rsquo;eau chaude s&rsquo;accumule en haut du r\u00e9servoir gr\u00e2ce au ph\u00e9nom\u00e8ne de stratification, par lequel l&rsquo;eau chaude reste constamment en hauteur et ne se m\u00e9lange pas \u00e0 l&rsquo;eau froide nouvellement arriv\u00e9e dans la cuve. Elle reste maintenue \u00e0 temp\u00e9rature gr\u00e2ce \u00e0 l&rsquo;isolation autour de la cuve, jusqu&rsquo;\u00e0 ce qu&rsquo;elle soit puis\u00e9e pour les besoins domestiques via la sortie d&rsquo;eau chaude qui prend toujours l&rsquo;eau sur le haut du ballon (o\u00f9 l&rsquo;eau est donc la plus chaude) gr\u00e2ce \u00e0 une canne de puisage. L&rsquo;eau chaude est ainsi constamment disponible pour le consommateur.<\/p>\n<p style=\"text-align: left;\">Pour contr\u00f4ler la chauffe et la temp\u00e9rature d&rsquo;eau dans le chauffe-eau, un thermostat d\u00e9tecte si la temp\u00e9rature de l&rsquo;eau dans le ballon est en-dessous de la consigne de temp\u00e9rature demand\u00e9e. Si tel est le cas, il ferme le circuit \u00e9lectrique du chauffe-eau de sorte que la r\u00e9sistance soit mise sous tension. Elle chauffe alors l&rsquo;eau jusqu&rsquo;\u00e0 ce que le thermostat d\u00e9tecte que la temp\u00e9rature souhait\u00e9e a \u00e9t\u00e9 atteinte : le circuit \u00e9lectrique s&rsquo;ouvre et la r\u00e9sistance est mise hors tension. Une fois que l&rsquo;eau chaude a \u00e9t\u00e9 utilis\u00e9e (et a \u00e9t\u00e9 remplac\u00e9 par de l&rsquo;eau froide), ou a eu le temps de refroidir par d\u00e9perditions, la r\u00e9sistance se remet automatiquement en marche gr\u00e2ce au thermostat qui ferme \u00e0 nouveau le circuit \u00e9lectrique. L&rsquo;eau est ainsi continuellement chauff\u00e9e.<\/p>\n<p style=\"text-align: left;\">L&rsquo;avantage du chauffe-eau par accumulation par rapport \u00e0 d&rsquo;autres chauffe-eau \u00e9lectriques est qu&rsquo;il peut \u00eatre programm\u00e9\/command\u00e9 pour ne chauffer que durant les heures creuses, ce qui permet une r\u00e9duction significative de la facture \u00e9nerg\u00e9tique. Toutefois, il est possible aussi de l&rsquo;activer manuellement pour qu&rsquo;il chauffe durant les heures pleines en cas de besoins (via le contacteur HP\/HC sur le tableau \u00e9lectrique).<\/p>\n<p style=\"text-align: left;\">Dans le cas d\u2019un cumulus \u00e9lectrique \u00e0 production instantan\u00e9e, ce dernier ne pr\u00e9sente aucun r\u00e9servoir, de ce fait il est plus facile d\u2019installation. La r\u00e9sistance ne se met sous tension que lorsque l\u2019on effectue une demande d\u2019eau chaude, pour assurer son bon fonctionnement il est donc n\u00e9cessaire de le placer \u00e0 proximit\u00e9 d\u2019un point d\u2019utilisation d\u2019eau chaude. Ce syst\u00e8me assure donc de l\u2019eau chaude en permanence sans risque d\u2019\u00eatre \u00e0 court. N\u00e9anmoins sa puissance \u00e9lectrique est sup\u00e9rieure \u00e0 celle d\u2019un ballon \u00e0 accumulation, cela induit donc une exploitation plus co\u00fbteuse, qui plus est, son faible stockage ne convient pas aux familles nombreuses.<\/p>\n<p style=\"text-align: left;\">\n<p style=\"text-align: left;\">\n<p style=\"text-align: left;\">\n<p style=\"text-align: left;\">\n<p style=\"text-align: left;\"><u>Les diff\u00e9rentes r\u00e9sistances\u00a0: <\/u><\/p>\n<p style=\"text-align: left;\"><u>R\u00e9sistance blind\u00e9e\u00a0:<\/u><\/p>\n<p style=\"text-align: left;\">La r\u00e9sistance est directement au contact de l&rsquo;eau. De ce fait, elle risque de s&rsquo;entartrer et donc de perdre en efficacit\u00e9 au fur et \u00e0 mesure de son utilisation. La consommation \u00e9lectrique augmentera alors pour chauffer la m\u00eame quantit\u00e9 d\u2019eau.<\/p>\n<p style=\"text-align: left;\"><u>R\u00e9sistance st\u00e9atite\u00a0: <\/u><\/p>\n<p style=\"text-align: left;\">La r\u00e9sistance est plac\u00e9e dans un fourreau. Comme cette derni\u00e8re n&rsquo;est pas au contact de l&rsquo;eau, elle s\u2019use moins vite et peut m\u00eame \u00eatre remplac\u00e9e sans vidange de la cuve. C&rsquo;est un choix indispensable si vous habitez dans une r\u00e9gion o\u00f9 l&rsquo;eau est tr\u00e8s calcaire.<\/p>\n<p style=\"text-align: left;\">Vous l\u2019aurez donc compris, le choix de votre chauffe-eau \u00e9lectrique repose sur plusieurs particularit\u00e9s qui d\u00e9pendront de diff\u00e9rents points. Nous faire appel est pour vous la garantie d\u2019un choix optimal r\u00e9pondant au plus pr\u00e8s \u00e0 vos besoins.<\/p>\n<\/div>\n    <\/div>\n<\/div><\/div><div class=\"col-md-4     text-default small-screen-default\"  ><div class=\"panel  text-center element-top-0 element-bottom-0\" data-os-animation=\"none\" data-os-animation-delay=\"0s\">\n        <div class=\"panel-heading\">\n        <h3 class=\"panel-title\">\n            Chauffe-eau thermodynamique         <\/h3>\n    <\/div>\n        <div class=\"panel-body\">\n        <div class=\"col-text-1 text-normal  element-top-20 element-bottom-20\" data-os-animation=\"none\" data-os-animation-delay=\"0s\">\n    <p style=\"text-align: left;\">Le chauffe-eau thermodynamique consiste simplement \u00e0 coupler un ballon avec une pompe \u00e0 chaleur : la pompe \u00e0 chaleur s\u2019occupe de capter les calories de l\u2019air pour ensuite restituer la chaleur au ballon afin de produire de l\u2019eau chaude.<\/p>\n<p style=\"text-align: left;\">La pompe \u00e0 chaleur int\u00e9gr\u00e9e au chauffe-eau thermodynamique dispose d&rsquo;un ventilateur qui aspire l&rsquo;air environnant, dans le but de r\u00e9chauffer un fluide frigorig\u00e8ne circulant dans un circuit ferm\u00e9. L&rsquo;air aspir\u00e9 est ensuite rejet\u00e9 dans le local ou hors de l&rsquo;habitation, une fois que les calories qu\u2019il contient ont \u00e9t\u00e9 extraites. En s&rsquo;\u00e9chauffant, le fluide frigorig\u00e8ne passe d&rsquo;un \u00e9tat liquide \u00e0 un \u00e9tat gazeux, et ce gaz va pouvoir \u00eatre comprim\u00e9 au sein d&rsquo;un compresseur, dans le but d&rsquo;accro\u00eetre sa pression et sa temp\u00e9rature. La chaleur du fluide est alors transf\u00e9r\u00e9e vers le ballon de stockage d\u2019eau via un \u00e9changeur thermique, ce qui permet de chauffer l&rsquo;eau sanitaire de votre habitation. Enfin, en refroidissant, le fluide retrouve sa forme liquide et un nouveau cycle de chauffe peut commencer. Le fonctionnement d\u2019un chauffe-eau thermodynamique s\u2019appuie en grande partie sur une source d&rsquo;\u00e9nergie renouvelable (l\u2019air), ce qui vous donne acc\u00e8s \u00e0 des aides et subventions multiples.<\/p>\n<p style=\"text-align: left;\">L&rsquo;avantage du chauffe-eau thermodynamique avec captage de l&rsquo;air int\u00e9rieur par rapport \u00e0 d&rsquo;autres solutions utilisant des \u00e9nergies renouvelables, est qu&rsquo;il fonctionne hiver comme \u00e9t\u00e9, sans \u00eatre impact\u00e9 par les saisons ou le mauvais temps. Lorsque la demande en eau chaude est plus \u00e9lev\u00e9e que d&rsquo;ordinaire, une r\u00e9sistance \u00e9lectrique pr\u00e9sente dans le ballon de stockage prend le relais. Ce syst\u00e8me d&rsquo;appoint associ\u00e9 au chauffe-eau thermodynamique vous assure ainsi de ne jamais manquer d&rsquo;eau chaude.<\/p>\n<p style=\"text-align: left;\">Le chauffe-eau thermodynamique pr\u00e9sente donc des avantages en termes d\u2019\u00e9conomie d\u2019\u00e9nergie mais aussi sur votre porte-monnaie, vous \u00e9conomiserez \u00e0 coup s\u00fbr sur votre consommation en eau chaude sanitaire.<\/p>\n<p style=\"text-align: left;\">Son installation n\u00e9cessite n\u00e9anmoins une pi\u00e8ce avec un volume d\u2019air suffisant pour fonctionner de mani\u00e8re optimale, bien que d\u2019autres possibilit\u00e9s s\u2019offrent \u00e0 vous pour b\u00e9n\u00e9ficier de ses avantages m\u00eame si votre logement n\u2019offre pas les pr\u00e9dispositions requises. (Installation avec un SPLIT ou une VMC).<\/p>\n<p style=\"text-align: left;\">Pour toute demande de devis, notre \u00e9quipe technique et commerciale se fera un plaisir de vous r\u00e9pondre et vous guider parmi les nombreuses possibilit\u00e9s qui s\u2019offrent \u00e0 vous, afin de donner vie \u00e0 votre projet<\/p>\n<\/div>\n    <\/div>\n<\/div><\/div>        <\/div>\n    <\/div>\n<\/section>\n","protected":false},"excerpt":{"rendered":"Ballon d\u2019eau chaude Le ballon d\u2019eau chaude est un \u00e9l\u00e9ment indispensable de notre confort moderne, on le retrouve dans grand nombre d\u2019habitation. En fonction de sa capacit\u00e9 (en litres) calcul\u00e9e selon vos besoins, il permet de fournir de l\u2019eau chaude sanitaire \u00e0 toute votre famille. L\u2019\u00e9ventail de type de ballon d\u2019eau chaude est relativement large,","protected":false},"author":1,"featured_media":0,"parent":0,"menu_order":0,"comment_status":"closed","ping_status":"closed","template":"","meta":{"spay_email":""},"jetpack_sharing_enabled":true,"jetpack_shortlink":"https:\/\/wp.me\/P9nA1Z-9O","_links":{"self":[{"href":"https:\/\/bmi-thermique.fr\/index.php\/wp-json\/wp\/v2\/pages\/608"}],"collection":[{"href":"https:\/\/bmi-thermique.fr\/index.php\/wp-json\/wp\/v2\/pages"}],"about":[{"href":"https:\/\/bmi-thermique.fr\/index.php\/wp-json\/wp\/v2\/types\/page"}],"author":[{"embeddable":true,"href":"https:\/\/bmi-thermique.fr\/index.php\/wp-json\/wp\/v2\/users\/1"}],"replies":[{"embeddable":true,"href":"https:\/\/bmi-thermique.fr\/index.php\/wp-json\/wp\/v2\/comments?post=608"}],"version-history":[{"count":2,"href":"https:\/\/bmi-thermique.fr\/index.php\/wp-json\/wp\/v2\/pages\/608\/revisions"}],"predecessor-version":[{"id":613,"href":"https:\/\/bmi-thermique.fr\/index.php\/wp-json\/wp\/v2\/pages\/608\/revisions\/613"}],"wp:attachment":[{"href":"https:\/\/bmi-thermique.fr\/index.php\/wp-json\/wp\/v2\/media?parent=608"}],"curies":[{"name":"wp","href":"https:\/\/api.w.org\/{rel}","templated":true}]}}