{"id":614,"date":"2018-01-15T10:09:14","date_gmt":"2018-01-15T09:09:14","guid":{"rendered":"http:\/\/bmi-thermique.fr\/?page_id=614"},"modified":"2018-01-15T10:13:58","modified_gmt":"2018-01-15T09:13:58","slug":"chauffe-eau-gaz","status":"publish","type":"page","link":"https:\/\/bmi-thermique.fr\/index.php\/chauffe-eau-gaz\/","title":{"rendered":"Chauffe-eau gaz"},"content":{"rendered":"<section class=\"section  text-normal section-text-no-shadow section-inner-no-shadow section-normal section-opaque\" >\n    \n    <div class=\"background-overlay grid-overlay-0 \" style=\"background-color: rgba(0,0,0,0);\"><\/div>\n\n    <div class=\"container container-vertical-default\">\n        <div class=\"row vertical-default\">\n            <div class=\"col-md-12     text-default small-screen-default\"  ><div class=\"col-text-1 text-normal  element-top-20 element-bottom-20\" data-os-animation=\"none\" data-os-animation-delay=\"0s\">\n    <p><img loading=\"lazy\" class=\"size-medium wp-image-609 alignleft\" src=\"http:\/\/bmi-thermique.fr\/wp-content\/uploads\/2018\/01\/opalia-c11-c14-281206-format-flex-height-183x300.png\" alt=\"\" width=\"183\" height=\"300\" srcset=\"https:\/\/bmi-thermique.fr\/wp-content\/uploads\/2018\/01\/opalia-c11-c14-281206-format-flex-height-183x300.png 183w, https:\/\/bmi-thermique.fr\/wp-content\/uploads\/2018\/01\/opalia-c11-c14-281206-format-flex-height-768x1261.png 768w, https:\/\/bmi-thermique.fr\/wp-content\/uploads\/2018\/01\/opalia-c11-c14-281206-format-flex-height-624x1024.png 624w, https:\/\/bmi-thermique.fr\/wp-content\/uploads\/2018\/01\/opalia-c11-c14-281206-format-flex-height-90x148.png 90w, https:\/\/bmi-thermique.fr\/wp-content\/uploads\/2018\/01\/opalia-c11-c14-281206-format-flex-height-700x1149.png 700w, https:\/\/bmi-thermique.fr\/wp-content\/uploads\/2018\/01\/opalia-c11-c14-281206-format-flex-height.png 1860w\" sizes=\"(max-width: 183px) 100vw, 183px\" \/>Le chauffe-eau gaz, bien \u00e9videmment, produit de l\u2019eau chaude gr\u00e2ce \u00e0 la combustion d\u2019un gaz, g\u00e9n\u00e9ralement il fonctionne gr\u00e2ce au gaz de ville, n\u00e9anmoins il peut aussi chauffer \u00e0 l\u2019aide de butane ou de propane.<\/p>\n<p>Tout comme les autres types de chauffe-eau, il se divise en deux cat\u00e9gories, c\u2019est-\u00e0-dire, chauffe-eau gaz instantan\u00e9 ou \u00e0 accumulation.<\/p>\n<p>Dans le cas d\u2019un instantan\u00e9, la production d\u2019eau chaude est illimit\u00e9e dans le temps car il produit en direct l\u2019eau chaude demand\u00e9e. La production d&rsquo;eau chaude est provoqu\u00e9e par l&rsquo;ouverture d&rsquo;un robinet. L&rsquo;eau froide parcourt un serpentin chauff\u00e9 par un br\u00fbleur dont l&rsquo;allumage est pilot\u00e9 par un thermostat. \u00a0De plus, l\u2019absence de stockage de ce type d\u2019appareil, permet \u00e0 ce dernier d\u2019\u00eatre facilement plac\u00e9 dans un placard. Cependant, si plusieurs points tirent de l\u2019eau chaude en m\u00eame temps, l\u2019homog\u00e9n\u00e9it\u00e9 de la temp\u00e9rature de l\u2019eau est difficile \u00e0 obtenir.<\/p>\n<p>Dans le cas d\u2019un chauffe-eau \u00e0 accumulation, on retrouve le syst\u00e8me de ballon de stockage, similaire \u00e0 un cumulus \u00e9lectrique mais avec un br\u00fbleur \u00e0 la place de la r\u00e9sistance \u00e9lectrique. L&rsquo;eau chaude est stock\u00e9e dans un ballon qui est soit int\u00e9gr\u00e9 \u00e0 la chaudi\u00e8re, soit externe. \u00a0Le transfert de la chaleur se fait par le contact des flammes du br\u00fbleur ou par le contact des fum\u00e9es issues de la combustion. L\u2019avantage de ce syst\u00e8me est que la temp\u00e9rature de l\u2019eau chaude est constante et le processus de chauffe est plus rapide qu\u2019avec un chauffe-eau \u00e9lectrique.<\/p>\n<p>Que l\u2019on soit en instantan\u00e9 ou \u00e0 accumulation, l\u2019\u00e9vacuation des gaz suit elle le m\u00eame syst\u00e8me. Les gaz r\u00e9siduels produit par la combustion sont \u00e9vacu\u00e9s \u00e0 l\u2019ext\u00e9rieure de l\u2019habitation soit par chemin\u00e9e soit par ventouse.<\/p>\n<p>Afin d\u2019\u00e9viter toute complication, l\u2019entretien annuel de ce genre d\u2019appareil est tr\u00e8s important et ne doit pas \u00eatre n\u00e9glig\u00e9. C\u2019est pourquoi faire appel \u00e0 un professionnel qualifi\u00e9 est la meilleure solution<\/p>\n<\/div>\n<\/div>        <\/div>\n    <\/div>\n<\/section><section class=\"section  text-normal section-text-no-shadow section-inner-no-shadow section-normal section-opaque\" >\n    \n    <div class=\"background-overlay grid-overlay-0 \" style=\"background-color: rgba(0,0,0,0);\"><\/div>\n\n    <div class=\"container container-vertical-default\">\n        <div class=\"row vertical-default\">\n            <div class=\"col-md-4     text-default small-screen-default\"  ><\/div><div class=\"col-md-4     text-default small-screen-default\"  ><a href=\"http:\/\/bmi-thermique.fr\/index.php\/devis\/\" class=\"btn btn-info btn-lg  text-normal   element-left-0 element-right-0 element-top-20 element-bottom-20\" target=\"_self\"   data-os-animation=\"none\" data-os-animation-delay=\"0s\">\n\t    Demande de devis     <\/a><\/div><div class=\"col-md-4     text-default small-screen-default\"  ><\/div>        <\/div>\n    <\/div>\n<\/section>\n","protected":false},"excerpt":{"rendered":"Le chauffe-eau gaz, bien \u00e9videmment, produit de l\u2019eau chaude gr\u00e2ce \u00e0 la combustion d\u2019un gaz, g\u00e9n\u00e9ralement il fonctionne gr\u00e2ce au gaz de ville, n\u00e9anmoins il peut aussi chauffer \u00e0 l\u2019aide de butane ou de propane. Tout comme les autres types de chauffe-eau, il se divise en deux cat\u00e9gories, c\u2019est-\u00e0-dire, chauffe-eau gaz instantan\u00e9 ou \u00e0 accumulation.","protected":false},"author":1,"featured_media":0,"parent":0,"menu_order":0,"comment_status":"closed","ping_status":"closed","template":"","meta":{"spay_email":""},"jetpack_sharing_enabled":true,"jetpack_shortlink":"https:\/\/wp.me\/P9nA1Z-9U","_links":{"self":[{"href":"https:\/\/bmi-thermique.fr\/index.php\/wp-json\/wp\/v2\/pages\/614"}],"collection":[{"href":"https:\/\/bmi-thermique.fr\/index.php\/wp-json\/wp\/v2\/pages"}],"about":[{"href":"https:\/\/bmi-thermique.fr\/index.php\/wp-json\/wp\/v2\/types\/page"}],"author":[{"embeddable":true,"href":"https:\/\/bmi-thermique.fr\/index.php\/wp-json\/wp\/v2\/users\/1"}],"replies":[{"embeddable":true,"href":"https:\/\/bmi-thermique.fr\/index.php\/wp-json\/wp\/v2\/comments?post=614"}],"version-history":[{"count":5,"href":"https:\/\/bmi-thermique.fr\/index.php\/wp-json\/wp\/v2\/pages\/614\/revisions"}],"predecessor-version":[{"id":621,"href":"https:\/\/bmi-thermique.fr\/index.php\/wp-json\/wp\/v2\/pages\/614\/revisions\/621"}],"wp:attachment":[{"href":"https:\/\/bmi-thermique.fr\/index.php\/wp-json\/wp\/v2\/media?parent=614"}],"curies":[{"name":"wp","href":"https:\/\/api.w.org\/{rel}","templated":true}]}}