{"id":630,"date":"2018-01-15T10:24:17","date_gmt":"2018-01-15T09:24:17","guid":{"rendered":"http:\/\/bmi-thermique.fr\/?page_id=630"},"modified":"2018-01-15T10:36:17","modified_gmt":"2018-01-15T09:36:17","slug":"chauffe-eau-thermodynamique","status":"publish","type":"page","link":"https:\/\/bmi-thermique.fr\/index.php\/chauffe-eau-thermodynamique\/","title":{"rendered":"Chauffe-eau thermodynamique"},"content":{"rendered":"<section class=\"section  text-normal section-text-no-shadow section-inner-no-shadow section-normal section-opaque\" >\n    \n    <div class=\"background-overlay grid-overlay-0 \" style=\"background-color: rgba(0,0,0,0);\"><\/div>\n\n    <div class=\"container container-vertical-default\">\n        <div class=\"row vertical-default\">\n            <div class=\"col-md-12     text-default small-screen-default\"  ><div class=\"col-text-1 text-normal  element-top-20 element-bottom-20\" data-os-animation=\"none\" data-os-animation-delay=\"0s\">\n    <p><img loading=\"lazy\" class=\"size-medium wp-image-635 alignleft\" src=\"http:\/\/bmi-thermique.fr\/wp-content\/uploads\/2018\/01\/Chauffe-eau-Thermodynamique--300x271.jpg\" alt=\"\" width=\"300\" height=\"271\" srcset=\"https:\/\/bmi-thermique.fr\/wp-content\/uploads\/2018\/01\/Chauffe-eau-Thermodynamique--300x271.jpg 300w, https:\/\/bmi-thermique.fr\/wp-content\/uploads\/2018\/01\/Chauffe-eau-Thermodynamique--768x693.jpg 768w, https:\/\/bmi-thermique.fr\/wp-content\/uploads\/2018\/01\/Chauffe-eau-Thermodynamique--1024x924.jpg 1024w, https:\/\/bmi-thermique.fr\/wp-content\/uploads\/2018\/01\/Chauffe-eau-Thermodynamique--90x81.jpg 90w, https:\/\/bmi-thermique.fr\/wp-content\/uploads\/2018\/01\/Chauffe-eau-Thermodynamique--700x632.jpg 700w\" sizes=\"(max-width: 300px) 100vw, 300px\" \/>Le chauffe-eau thermodynamique consiste simplement \u00e0 coupler un ballon avec une pompe \u00e0 chaleur : la pompe \u00e0 chaleur s\u2019occupe de capter les calories de l\u2019air pour ensuite restituer la chaleur au ballon afin de produire de l\u2019eau chaude.<\/p>\n<p>La pompe \u00e0 chaleur int\u00e9gr\u00e9e au chauffe-eau thermodynamique dispose d&rsquo;un ventilateur qui aspire l&rsquo;air environnant, dans le but de r\u00e9chauffer un fluide frigorig\u00e8ne circulant dans un circuit ferm\u00e9. L&rsquo;air aspir\u00e9 est ensuite rejet\u00e9 dans le local ou hors de l&rsquo;habitation, une fois que les calories qu\u2019il contient ont \u00e9t\u00e9 extraites. En s&rsquo;\u00e9chauffant, le fluide frigorig\u00e8ne passe d&rsquo;un \u00e9tat liquide \u00e0 un \u00e9tat gazeux, et ce gaz va pouvoir \u00eatre comprim\u00e9 au sein d&rsquo;un compresseur, dans le but d&rsquo;accro\u00eetre sa pression et sa temp\u00e9rature. La chaleur du fluide est alors transf\u00e9r\u00e9e vers le ballon de stockage d\u2019eau via un \u00e9changeur thermique, ce qui permet de chauffer l&rsquo;eau sanitaire de votre habitation. Enfin, en refroidissant, le fluide retrouve sa forme liquide et un nouveau cycle de chauffe peut commencer. Le fonctionnement d\u2019un chauffe-eau thermodynamique s\u2019appuie en grande partie sur une source d&rsquo;\u00e9nergie renouvelable (l\u2019air), ce qui vous donne acc\u00e8s \u00e0 des aides et subventions multiples.<\/p>\n<p>L&rsquo;avantage du chauffe-eau thermodynamique avec captage de l&rsquo;air int\u00e9rieur par rapport \u00e0 d&rsquo;autres solutions utilisant des \u00e9nergies renouvelables, est qu&rsquo;il fonctionne hiver comme \u00e9t\u00e9, sans \u00eatre impact\u00e9 par les saisons ou le mauvais temps. Lorsque la demande en eau chaude est plus \u00e9lev\u00e9e que d&rsquo;ordinaire, une r\u00e9sistance \u00e9lectrique pr\u00e9sente dans le ballon de stockage prend le relais. Ce syst\u00e8me d&rsquo;appoint associ\u00e9 au chauffe-eau thermodynamique vous assure ainsi de ne jamais manquer d&rsquo;eau chaude.<\/p>\n<p>Le chauffe-eau thermodynamique pr\u00e9sente donc des avantages en termes d\u2019\u00e9conomie d\u2019\u00e9nergie mais aussi sur votre porte-monnaie, vous \u00e9conomiserez \u00e0 coup s\u00fbr sur votre consommation en eau chaude sanitaire.<\/p>\n<p>Son installation n\u00e9cessite n\u00e9anmoins une pi\u00e8ce avec un volume d\u2019air suffisant pour fonctionner de mani\u00e8re optimale, bien que d\u2019autres possibilit\u00e9s s\u2019offrent \u00e0 vous pour b\u00e9n\u00e9ficier de ses avantages m\u00eame si votre logement n\u2019offre pas les pr\u00e9dispositions requises. (Installation avec un SPLIT ou une VMC).<\/p>\n<p>Pour toute demande de devis, notre \u00e9quipe technique et commerciale se fera un plaisir de vous r\u00e9pondre et vous guider parmi les nombreuses possibilit\u00e9s qui s\u2019offrent \u00e0 vous, afin de donner vie \u00e0 votre projet<\/p>\n<\/div>\n<\/div>        <\/div>\n    <\/div>\n<\/section><section class=\"section  text-normal section-text-no-shadow section-inner-no-shadow section-normal section-opaque\" >\n    \n    <div class=\"background-overlay grid-overlay-0 \" style=\"background-color: rgba(0,0,0,0);\"><\/div>\n\n    <div class=\"container container-vertical-default\">\n        <div class=\"row vertical-default\">\n            <div class=\"col-md-4     text-default small-screen-default\"  ><\/div><div class=\"col-md-4     text-default small-screen-default\"  ><a href=\"http:\/\/bmi-thermique.fr\/index.php\/devis\/\" class=\"btn btn-info btn-lg  text-normal   element-left-0 element-right-0 element-top-20 element-bottom-20\" target=\"_self\"   data-os-animation=\"none\" data-os-animation-delay=\"0s\">\n\t    Demande de devis     <\/a><\/div><div class=\"col-md-4     text-default small-screen-default\"  ><\/div>        <\/div>\n    <\/div>\n<\/section>\n","protected":false},"excerpt":{"rendered":"Le chauffe-eau thermodynamique consiste simplement \u00e0 coupler un ballon avec une pompe \u00e0 chaleur : la pompe \u00e0 chaleur s\u2019occupe de capter les calories de l\u2019air pour ensuite restituer la chaleur au ballon afin de produire de l\u2019eau chaude. La pompe \u00e0 chaleur int\u00e9gr\u00e9e au chauffe-eau thermodynamique dispose d'un ventilateur qui aspire l'air environnant, dans","protected":false},"author":1,"featured_media":0,"parent":0,"menu_order":0,"comment_status":"closed","ping_status":"closed","template":"","meta":{"spay_email":""},"jetpack_sharing_enabled":true,"jetpack_shortlink":"https:\/\/wp.me\/P9nA1Z-aa","_links":{"self":[{"href":"https:\/\/bmi-thermique.fr\/index.php\/wp-json\/wp\/v2\/pages\/630"}],"collection":[{"href":"https:\/\/bmi-thermique.fr\/index.php\/wp-json\/wp\/v2\/pages"}],"about":[{"href":"https:\/\/bmi-thermique.fr\/index.php\/wp-json\/wp\/v2\/types\/page"}],"author":[{"embeddable":true,"href":"https:\/\/bmi-thermique.fr\/index.php\/wp-json\/wp\/v2\/users\/1"}],"replies":[{"embeddable":true,"href":"https:\/\/bmi-thermique.fr\/index.php\/wp-json\/wp\/v2\/comments?post=630"}],"version-history":[{"count":4,"href":"https:\/\/bmi-thermique.fr\/index.php\/wp-json\/wp\/v2\/pages\/630\/revisions"}],"predecessor-version":[{"id":638,"href":"https:\/\/bmi-thermique.fr\/index.php\/wp-json\/wp\/v2\/pages\/630\/revisions\/638"}],"wp:attachment":[{"href":"https:\/\/bmi-thermique.fr\/index.php\/wp-json\/wp\/v2\/media?parent=630"}],"curies":[{"name":"wp","href":"https:\/\/api.w.org\/{rel}","templated":true}]}}