{"id":639,"date":"2018-01-15T10:43:46","date_gmt":"2018-01-15T09:43:46","guid":{"rendered":"http:\/\/bmi-thermique.fr\/?page_id=639"},"modified":"2018-01-15T11:35:42","modified_gmt":"2018-01-15T10:35:42","slug":"salle-de-bain","status":"publish","type":"page","link":"https:\/\/bmi-thermique.fr\/index.php\/salle-de-bain\/","title":{"rendered":"Salle de bain"},"content":{"rendered":"<section class=\"section  text-normal section-text-no-shadow section-inner-no-shadow section-normal section-opaque\" >\n    \n    <div class=\"background-overlay grid-overlay-0 \" style=\"background-color: rgba(0,0,0,0);\"><\/div>\n\n    <div class=\"container container-vertical-default\">\n        <div class=\"row vertical-default\">\n            <div class=\"col-md-6     text-default small-screen-default\"  ><div class=\"col-text-1 text-normal  element-top-20 element-bottom-20\" data-os-animation=\"none\" data-os-animation-delay=\"0s\">\n    <p><u><img loading=\"lazy\" class=\"size-medium wp-image-667 alignleft\" src=\"http:\/\/bmi-thermique.fr\/wp-content\/uploads\/2018\/01\/Salle-de-bain-2-187x300.jpg\" alt=\"\" width=\"187\" height=\"300\" srcset=\"https:\/\/bmi-thermique.fr\/wp-content\/uploads\/2018\/01\/Salle-de-bain-2-187x300.jpg 187w, https:\/\/bmi-thermique.fr\/wp-content\/uploads\/2018\/01\/Salle-de-bain-2-90x145.jpg 90w, https:\/\/bmi-thermique.fr\/wp-content\/uploads\/2018\/01\/Salle-de-bain-2.jpg 312w\" sizes=\"(max-width: 187px) 100vw, 187px\" \/>R\u00e9novation et cr\u00e9ation de salle de bain :<\/u><\/p>\n<p>La salle d\u2019eau aussi commun\u00e9ment appel\u00e9e salle de bain est une pi\u00e8ce de vie \u00e0 part enti\u00e8re, elle est essentielle \u00e0 votre habitation puisque destin\u00e9e \u00e0 l\u2019hygi\u00e8ne, si importante dans notre vie actuelle. N\u00e9anmoins, c\u2019est aussi un lieu de d\u00e9tente, un endroit o\u00f9 vous vous coupez du monde, o\u00f9 vous d\u00e9compresser et oublier le stress du quotidien. C\u2019est pour cette raison nos \u00e9quipes fortes de leur exp\u00e9rience et de leur savoir-faire seront pr\u00e9sentes du d\u00e9but \u00e0 la fin pour vous accompagner et vous guider dans vos projets de cr\u00e9ation ou de r\u00e9novation, car faire de cette pi\u00e8ce un lieu propice \u00e0 votre bien-\u00eatre est pour nous une priorit\u00e9.<\/p>\n<\/div>\n<\/div><div class=\"col-md-6     text-default small-screen-default\"  ><div class=\"figure element-top-20 element-bottom-20  \" data-os-animation=\"none\" data-os-animation-delay=\"0s\">\n            <a href=\"https:\/\/bmi-thermique.fr\/wp-content\/uploads\/2018\/01\/Salle-de-bain-.jpg\" class=\"figure-image magnific\" target=\"_self\">\n        <img width=\"1350\" height=\"900\" src=\"https:\/\/bmi-thermique.fr\/wp-content\/uploads\/2018\/01\/Salle-de-bain-.jpg\" class=\"attachment-full size-full\" alt=\"\" loading=\"lazy\" srcset=\"https:\/\/bmi-thermique.fr\/wp-content\/uploads\/2018\/01\/Salle-de-bain-.jpg 1350w, https:\/\/bmi-thermique.fr\/wp-content\/uploads\/2018\/01\/Salle-de-bain--300x200.jpg 300w, https:\/\/bmi-thermique.fr\/wp-content\/uploads\/2018\/01\/Salle-de-bain--768x512.jpg 768w, https:\/\/bmi-thermique.fr\/wp-content\/uploads\/2018\/01\/Salle-de-bain--1024x683.jpg 1024w, https:\/\/bmi-thermique.fr\/wp-content\/uploads\/2018\/01\/Salle-de-bain--90x60.jpg 90w, https:\/\/bmi-thermique.fr\/wp-content\/uploads\/2018\/01\/Salle-de-bain--700x467.jpg 700w, https:\/\/bmi-thermique.fr\/wp-content\/uploads\/2018\/01\/Salle-de-bain--600x400.jpg 600w\" sizes=\"(max-width: 1350px) 100vw, 1350px\" \/>            <\/a>\n    <\/div>\n<\/div>        <\/div>\n    <\/div>\n<\/section><section class=\"section  text-normal section-text-no-shadow section-inner-no-shadow section-normal section-opaque\" >\n    \n    <div class=\"background-overlay grid-overlay-0 \" style=\"background-color: rgba(0,0,0,0);\"><\/div>\n\n    <div class=\"container container-vertical-default\">\n        <div class=\"row vertical-default\">\n            <div class=\"col-md-2     text-default small-screen-default\"  ><\/div><div class=\"col-md-8     text-default small-screen-default\"  ><div class=\"figure element-top-20 element-bottom-20  \" data-os-animation=\"none\" data-os-animation-delay=\"0s\">\n            <a href=\"https:\/\/bmi-thermique.fr\/wp-content\/uploads\/2018\/01\/Salle-de-bain.jpg\" class=\"figure-image magnific\" target=\"_self\">\n        <img width=\"600\" height=\"375\" src=\"https:\/\/bmi-thermique.fr\/wp-content\/uploads\/2018\/01\/Salle-de-bain.jpg\" class=\"attachment-full size-full\" alt=\"\" loading=\"lazy\" srcset=\"https:\/\/bmi-thermique.fr\/wp-content\/uploads\/2018\/01\/Salle-de-bain.jpg 600w, https:\/\/bmi-thermique.fr\/wp-content\/uploads\/2018\/01\/Salle-de-bain-300x188.jpg 300w, https:\/\/bmi-thermique.fr\/wp-content\/uploads\/2018\/01\/Salle-de-bain-90x56.jpg 90w\" sizes=\"(max-width: 600px) 100vw, 600px\" \/>            <\/a>\n    <\/div>\n<\/div><div class=\"col-md-2     text-default small-screen-default\"  ><\/div>        <\/div>\n    <\/div>\n<\/section><section class=\"section  text-normal section-text-no-shadow section-inner-no-shadow section-normal section-opaque\" >\n    \n    <div class=\"background-overlay grid-overlay-0 \" style=\"background-color: rgba(0,0,0,0);\"><\/div>\n\n    <div class=\"container container-vertical-default\">\n        <div class=\"row vertical-default\">\n            <div class=\"col-md-4     text-default small-screen-default\"  ><\/div><div class=\"col-md-4     text-default small-screen-default\"  ><a href=\"http:\/\/bmi-thermique.fr\/index.php\/devis\/\" class=\"btn btn-info btn-lg  text-normal  text-center element-left-0 element-right-0 element-top-20 element-bottom-20\" target=\"_self\"   data-os-animation=\"none\" data-os-animation-delay=\"0s\">\n\t    Demande de devis     <\/a><\/div><div class=\"col-md-4     text-default small-screen-default\"  ><\/div>        <\/div>\n    <\/div>\n<\/section>\n","protected":false},"excerpt":{"rendered":"R\u00e9novation et cr\u00e9ation de salle de bain : La salle d\u2019eau aussi commun\u00e9ment appel\u00e9e salle de bain est une pi\u00e8ce de vie \u00e0 part enti\u00e8re, elle est essentielle \u00e0 votre habitation puisque destin\u00e9e \u00e0 l\u2019hygi\u00e8ne, si importante dans notre vie actuelle. N\u00e9anmoins, c\u2019est aussi un lieu de d\u00e9tente, un endroit o\u00f9 vous vous coupez du","protected":false},"author":1,"featured_media":0,"parent":0,"menu_order":0,"comment_status":"closed","ping_status":"closed","template":"","meta":{"spay_email":""},"jetpack_sharing_enabled":true,"jetpack_shortlink":"https:\/\/wp.me\/P9nA1Z-aj","_links":{"self":[{"href":"https:\/\/bmi-thermique.fr\/index.php\/wp-json\/wp\/v2\/pages\/639"}],"collection":[{"href":"https:\/\/bmi-thermique.fr\/index.php\/wp-json\/wp\/v2\/pages"}],"about":[{"href":"https:\/\/bmi-thermique.fr\/index.php\/wp-json\/wp\/v2\/types\/page"}],"author":[{"embeddable":true,"href":"https:\/\/bmi-thermique.fr\/index.php\/wp-json\/wp\/v2\/users\/1"}],"replies":[{"embeddable":true,"href":"https:\/\/bmi-thermique.fr\/index.php\/wp-json\/wp\/v2\/comments?post=639"}],"version-history":[{"count":7,"href":"https:\/\/bmi-thermique.fr\/index.php\/wp-json\/wp\/v2\/pages\/639\/revisions"}],"predecessor-version":[{"id":677,"href":"https:\/\/bmi-thermique.fr\/index.php\/wp-json\/wp\/v2\/pages\/639\/revisions\/677"}],"wp:attachment":[{"href":"https:\/\/bmi-thermique.fr\/index.php\/wp-json\/wp\/v2\/media?parent=639"}],"curies":[{"name":"wp","href":"https:\/\/api.w.org\/{rel}","templated":true}]}}